{"id":3045,"date":"2020-05-14T10:22:18","date_gmt":"2020-05-14T10:22:18","guid":{"rendered":"https:\/\/www.nemus.pt\/pt\/?page_id=3045"},"modified":"2020-05-14T10:26:12","modified_gmt":"2020-05-14T10:26:12","slug":"demarcacao-das-regioes-hidrograficas-no-botswana","status":"publish","type":"page","link":"https:\/\/www.nemus.pt\/pt\/projetos\/agua\/demarcacao-das-regioes-hidrograficas-no-botswana\/","title":{"rendered":"Demarca\u00e7\u00e3o das regi\u00f5es hidrogr\u00e1ficas no Botswana"},"content":{"rendered":"<p>A mais recente estrat\u00e9gia nacional para a \u00e1gua, no Botswana, veio focar-se na previs\u00edvel necessidade futura de conseguir gerir este recurso em n\u00edveis muito baixos. No entanto, as regi\u00f5es hidrogr\u00e1ficas ainda n\u00e3o foram claramente definidas, tal como ainda n\u00e3o foram feitos os necess\u00e1rios arranjos institucionais nem definidas as orienta\u00e7\u00f5es pr\u00e1ticas para implementa\u00e7\u00e3o desta estrat\u00e9gia.<\/p>\n<p>O Botswana \u00e9 um pa\u00eds com clima semi\u00e1rido e pluviosidade muito inst\u00e1vel e concentrada em determinadas \u00e1reas, pelo que a gest\u00e3o eficiente da \u00e1gua \u00e9 um tema urgente e priorit\u00e1rio, tal como foi definido pelo Departamento de Assuntos da \u00c1gua do Botswana \u2013 \u00f3rg\u00e3o respons\u00e1vel pela gest\u00e3o nacional deste recurso.<\/p>\n<p>O Botswana tem uma \u00e1rea de 582.000 km<sup>2<\/sup>, 70% da qual est\u00e1 ocupada pelo deserto do Kalahari; por outro lado, o pa\u00eds alberga tamb\u00e9m o Delta do Okavango, a famosa \u00e1rea h\u00famida mais extensa de \u00c1frica. Estas assimetrias, juntamente com uma distribui\u00e7\u00e3o populacional de baixa densidade, mas concentrada em dois polos e com um clima de extremos, constituem importantes desafios \u00e0 necess\u00e1ria gest\u00e3o da \u00e1gua.<\/p>\n<p>Os principais objetivos do projeto s\u00e3o: estudar diferentes abordagens para <strong>definir regi\u00f5es hidrogr\u00e1ficas<\/strong> no pa\u00eds; desenvolver um <strong>enquadramento legal e administrativo<\/strong> para estabelecer comit\u00e9s de administra\u00e7\u00e3o dessas regi\u00f5es; e definir o processo de <strong>implementa\u00e7\u00e3o<\/strong> desta estrat\u00e9gia. O Departamento de Assuntos da \u00c1gua do Botswana definiu que \u00e9 priorit\u00e1rio que todo o <strong>processo tenha uma participa\u00e7\u00e3o efetiva<\/strong>, pelo que est\u00e3o inclu\u00eddas consultas p\u00fablicas e reuni\u00f5es de negocia\u00e7\u00e3o.<\/p>\n<p>Principais tarefas:<\/p>\n<ul>\n<li><strong>Planeamento<\/strong> de tarefas e compila\u00e7\u00e3o de informa\u00e7\u00e3o, incluindo revis\u00e3o legal;<\/li>\n<li><strong>Mapeamento com recurso a SIG<\/strong>, de informa\u00e7\u00e3o georreferenciada relativa a: recursos h\u00eddricos, abastecimento e saneamento, \u00e1reas de gest\u00e3o agr\u00edcola, entre outras; mapas mais simples s\u00e3o tamb\u00e9m produzidos para uso nas consultas p\u00fablicas e reuni\u00f5es com stakeholders;<\/li>\n<li><strong>Discuss\u00e3o das abordagens propostas<\/strong> para definir as regi\u00f5es hidrogr\u00e1ficas, incluindo: revis\u00f5es cr\u00edticas de entidades envolvidas na gest\u00e3o da \u00e1gua, reuni\u00f5es com as comunidades e consultas p\u00fablicas;<\/li>\n<li><strong>Delimita\u00e7\u00e3o<\/strong> das regi\u00f5es hidrogr\u00e1ficas nacionais;<\/li>\n<li>Defini\u00e7\u00e3o da <strong>estrat\u00e9gia de comunica\u00e7\u00e3o destinada \u00e0 sensibiliza\u00e7\u00e3o do p\u00fablico<\/strong> para a import\u00e2ncia dos recursos h\u00eddricos e para o papel dos novos comit\u00e9s que ser\u00e3o criados;<\/li>\n<li>Delineamento do <strong>processo de implementa\u00e7\u00e3o<\/strong> das regi\u00f5es hidrogr\u00e1ficas e da sua gest\u00e3o, incluindo poss\u00edveis meios de financiamento.<\/li>\n<\/ul>\n<p><em>[Projeto financiado pelo Banco Mundial]<\/em><\/p>","protected":false},"excerpt":{"rendered":"<p>A mais recente estrat\u00e9gia nacional para a \u00e1gua, no Botswana, veio focar-se na previs\u00edvel necessidade futura de conseguir gerir este recurso em n\u00edveis muito baixos. No entanto, as regi\u00f5es hidrogr\u00e1ficas ainda n\u00e3o foram claramente definidas, tal como ainda n\u00e3o foram &#8230;<\/p>\n","protected":false},"author":3,"featured_media":3048,"parent":166,"menu_order":0,"comment_status":"closed","ping_status":"closed","template":"","meta":{"_acf_changed":false,"footnotes":""},"class_list":["post-3045","page","type-page","status-publish","has-post-thumbnail","hentry"],"acf":[],"_links":{"self":[{"href":"https:\/\/www.nemus.pt\/pt\/wp-json\/wp\/v2\/pages\/3045","targetHints":{"allow":["GET"]}}],"collection":[{"href":"https:\/\/www.nemus.pt\/pt\/wp-json\/wp\/v2\/pages"}],"about":[{"href":"https:\/\/www.nemus.pt\/pt\/wp-json\/wp\/v2\/types\/page"}],"author":[{"embeddable":true,"href":"https:\/\/www.nemus.pt\/pt\/wp-json\/wp\/v2\/users\/3"}],"replies":[{"embeddable":true,"href":"https:\/\/www.nemus.pt\/pt\/wp-json\/wp\/v2\/comments?post=3045"}],"version-history":[{"count":0,"href":"https:\/\/www.nemus.pt\/pt\/wp-json\/wp\/v2\/pages\/3045\/revisions"}],"up":[{"embeddable":true,"href":"https:\/\/www.nemus.pt\/pt\/wp-json\/wp\/v2\/pages\/166"}],"wp:featuredmedia":[{"embeddable":true,"href":"https:\/\/www.nemus.pt\/pt\/wp-json\/wp\/v2\/media\/3048"}],"wp:attachment":[{"href":"https:\/\/www.nemus.pt\/pt\/wp-json\/wp\/v2\/media?parent=3045"}],"curies":[{"name":"wp","href":"https:\/\/api.w.org\/{rel}","templated":true}]}}