{"id":3050,"date":"2020-05-14T10:33:52","date_gmt":"2020-05-14T10:33:52","guid":{"rendered":"https:\/\/www.nemus.pt\/pt\/?page_id=3050"},"modified":"2020-05-15T09:25:07","modified_gmt":"2020-05-15T09:25:07","slug":"atualizacao-das-aguas-subterraneas-nos-planos-de-gestao-de-regiao-hidrografica-na-bulgaria","status":"publish","type":"page","link":"https:\/\/www.nemus.pt\/pt\/projetos\/agua\/atualizacao-das-aguas-subterraneas-nos-planos-de-gestao-de-regiao-hidrografica-na-bulgaria\/","title":{"rendered":"Atualiza\u00e7\u00e3o das \u00e1guas subterr\u00e2neas nos planos de gest\u00e3o de regi\u00e3o hidrogr\u00e1fica na Bulg\u00e1ria"},"content":{"rendered":"<p>O primeiro projeto da Nemus na Bulg\u00e1ria. O objetivo do projeto \u00e9 <strong>atualizar a informa\u00e7\u00e3o sobre as \u00e1guas subterr\u00e2neas do pa\u00eds<\/strong> pela segunda vez, como est\u00e1 previsto na Diretiva Quadro da \u00c1gua (DQA \u2013 Diretiva 2000\/60\/CE), que imp\u00f5e esta obriga\u00e7\u00e3o legal a todos os Estados membro da UE. Na Bulg\u00e1ria, o primeiro ciclo de caracteriza\u00e7\u00e3o e planeamento da gest\u00e3o da \u00e1gua (superficial e subterr\u00e2nea) exigido pela DQA decorreu entre 2009 e 2015, a que se seguiu o segundo ciclo (2016-2021).<\/p>\n<p>Este projeto insere-se no terceiro ciclo (2022-2027) \u2013 segunda atualiza\u00e7\u00e3o \u2013 estudando as \u00e1guas subterr\u00e2neas do pa\u00eds e focando-se especificamente naquelas que, nos ciclos anteriores, foram classificadas em \u201cmau estado\u201d (qu\u00edmico e\/ou quantitativo) ou que foram sinalizadas como estando em risco de n\u00e3o atingirem a classifica\u00e7\u00e3o \u201cbom estado\u201d. Para tal, <strong>faz-se uma nova avalia\u00e7\u00e3o do estado qu\u00edmico e quantitativo destas \u00e1guas<\/strong>.<\/p>\n<p>De um ponto de vista de gest\u00e3o de bacias hidrogr\u00e1ficas, o territ\u00f3rio da Bulg\u00e1ria est\u00e1 dividido em quatro regi\u00f5es: Bacia do Mar Negro, Bacia do Dan\u00fabio, Bacia do Mar Egeu Este e Bacia do Mar Egeu Oeste.\u00a0 A Bulg\u00e1ria faz fronteira com v\u00e1rios pa\u00edses, fazendo com que as tr\u00eas \u00faltimas bacias sejam internacionais, partilhadas com a Gr\u00e9cia e Turquia, a Sul, a Rom\u00e9nia, a Norte, e a S\u00e9rvia e Maced\u00f3nia do Norte, a Oeste. A Este o pa\u00eds \u00e9 limitado pelo Mar Negro.<\/p>\n<p>A Bulg\u00e1ria tem atualmente delimitadas 169 massas de \u00e1gua subterr\u00e2nea, das quais 93 est\u00e3o classificadas como estando em mau estado (63) ou em risco de n\u00e3o atingir o bom estado (30).<\/p>\n<p>Para al\u00e9m de seguir as diretrizes da DQA e da Diretiva relativa \u00e0 prote\u00e7\u00e3o das \u00e1guas subterr\u00e2neas contra a polui\u00e7\u00e3o e deteriora\u00e7\u00e3o (Diretiva 2006\/118\/CE), o aplicam-se tamb\u00e9m as metodologias desenvolvidas pelas autoridades B\u00falgaras destinadas a aferir a delimita\u00e7\u00e3o das massas de \u00e1gua subterr\u00e2nea, determinar valores de <em>background<\/em> e limiares, reavaliar as press\u00f5es e reclassificar o estado.<\/p>\n<p><em>[Projeto financiado pelo Banco Mundial]<\/em><\/p>","protected":false},"excerpt":{"rendered":"<p>O primeiro projeto da Nemus na Bulg\u00e1ria. O objetivo do projeto \u00e9 atualizar a informa\u00e7\u00e3o sobre as \u00e1guas subterr\u00e2neas do pa\u00eds pela segunda vez, como est\u00e1 previsto na Diretiva Quadro da \u00c1gua (DQA \u2013 Diretiva 2000\/60\/CE), que imp\u00f5e esta obriga\u00e7\u00e3o &#8230;<\/p>\n","protected":false},"author":3,"featured_media":3046,"parent":166,"menu_order":0,"comment_status":"closed","ping_status":"closed","template":"","meta":{"_acf_changed":false,"footnotes":""},"class_list":["post-3050","page","type-page","status-publish","has-post-thumbnail","hentry"],"acf":[],"_links":{"self":[{"href":"https:\/\/www.nemus.pt\/pt\/wp-json\/wp\/v2\/pages\/3050","targetHints":{"allow":["GET"]}}],"collection":[{"href":"https:\/\/www.nemus.pt\/pt\/wp-json\/wp\/v2\/pages"}],"about":[{"href":"https:\/\/www.nemus.pt\/pt\/wp-json\/wp\/v2\/types\/page"}],"author":[{"embeddable":true,"href":"https:\/\/www.nemus.pt\/pt\/wp-json\/wp\/v2\/users\/3"}],"replies":[{"embeddable":true,"href":"https:\/\/www.nemus.pt\/pt\/wp-json\/wp\/v2\/comments?post=3050"}],"version-history":[{"count":0,"href":"https:\/\/www.nemus.pt\/pt\/wp-json\/wp\/v2\/pages\/3050\/revisions"}],"up":[{"embeddable":true,"href":"https:\/\/www.nemus.pt\/pt\/wp-json\/wp\/v2\/pages\/166"}],"wp:featuredmedia":[{"embeddable":true,"href":"https:\/\/www.nemus.pt\/pt\/wp-json\/wp\/v2\/media\/3046"}],"wp:attachment":[{"href":"https:\/\/www.nemus.pt\/pt\/wp-json\/wp\/v2\/media?parent=3050"}],"curies":[{"name":"wp","href":"https:\/\/api.w.org\/{rel}","templated":true}]}}