{"id":3089,"date":"2020-09-01T15:59:15","date_gmt":"2020-09-01T15:59:15","guid":{"rendered":"https:\/\/www.nemus.pt\/pt\/?page_id=3089"},"modified":"2025-01-08T17:18:11","modified_gmt":"2025-01-08T17:18:11","slug":"plataforma-de-gestao-online-de-informacao-de-reducao-de-risco-de-desastres-na-africa-austral","status":"publish","type":"page","link":"https:\/\/www.nemus.pt\/pt\/projetos\/alteracoes-climaticas\/plataforma-de-gestao-online-de-informacao-de-reducao-de-risco-de-desastres-na-africa-austral\/","title":{"rendered":"Plataforma de gest\u00e3o online de informa\u00e7\u00e3o de redu\u00e7\u00e3o de risco de desastres na \u00c1frica Austral"},"content":{"rendered":"<p>Em 2015, foi lan\u00e7ado o programa \u201cConstruir resili\u00eancia a desastres naturais nas regi\u00f5es, pa\u00edses e comunidades da \u00c1frica Subsaariana\u201d com o intuito de garantir uma implementa\u00e7\u00e3o eficaz de uma <strong>estrat\u00e9gia de redu\u00e7\u00e3o de risco de desastres<\/strong> nesta regi\u00e3o; Este programa integra cinco \u00e1reas tem\u00e1ticas que foram distribu\u00eddas por quatro parceiros para implementa\u00e7\u00e3o. O projeto em causa insere-se na \u00e1rea 2 \u201cMelhorar a coordena\u00e7\u00e3o, planeamento e capacidades de assessoria pol\u00edtica de DRR* das Comunidades Econ\u00f3micas Regionais\u201d \u2013 que foi atribu\u00eddo \u00e0 Estrutura Global de Redu\u00e7\u00e3o e Recupera\u00e7\u00e3o de Desastres (GFDRR) do Banco Mundial. Especificamente, este projeto \u00e9 um dos quatro que comp\u00f5em o Programa \u201cMelhorar a coordena\u00e7\u00e3o, planeamento e capacidades de assessoria pol\u00edtica de DRR* da SADC (Coordena\u00e7\u00e3o do Desenvolvimento da \u00c1frica Austral).<\/p>\n<p>O objetivo do projeto era desenvolver uma <strong>plataforma online de gest\u00e3o de informa\u00e7\u00e3o de DRR<\/strong>*, contendo mapas de risco regionais e sistemas de alerta ligados a servi\u00e7os globais e regionais de DRR.<\/p>\n<p>Algumas das funcionalidades da plataforma online de gest\u00e3o de informa\u00e7\u00e3o de DRR:<\/p>\n<ul>\n<li><strong>Navega\u00e7\u00e3o p\u00fablica<\/strong> do site: perfis de DRR* dos 16 estados-membros (incluindo mapas, informa\u00e7\u00e3o geral e informa\u00e7\u00e3o espec\u00edfica de DRR), mais de 400 documentos relacionados com DRR, informa\u00e7\u00e3o b\u00e1sica sobre o quadro de Sendai para DRR, projetos em curso de DRR, entre muitos outros temas;<\/li>\n<li><strong>Acesso restrito<\/strong> e condicionado a dados e documentos (para utilizadores credenciados da SADC e\/ou dos estados-membros);<\/li>\n<li>Navega\u00e7\u00e3o no site em <strong>tr\u00eas l\u00ednguas<\/strong> (ingl\u00eas, franc\u00eas e portugu\u00eas);<\/li>\n<li><strong>10 filtros<\/strong> (individuais ou combinadas entre si) para realizar buscas na base de dados (atualmente com mais de 400 documentos e de 30 eventos de risco, que continua em expans\u00e3o).<\/li>\n<\/ul>\n<p>O projeto incluiu ainda:<\/p>\n<ul>\n<li>A produ\u00e7\u00e3o de <strong>relat\u00f3rios peri\u00f3dicos<\/strong>, sobre o processo de integra\u00e7\u00e3o de dados, os protocolos de partilha de informa\u00e7\u00e3o, as funcionalidades do website a dados t\u00e9cnicos sobre as suas capacidades;<\/li>\n<li><strong>Manual do utilizador<\/strong> contendo instru\u00e7\u00f5es para navega\u00e7\u00e3o do site, para fazer upload e atualiza\u00e7\u00e3o de conte\u00fados e <strong>manual de administra\u00e7\u00e3o<\/strong>, contendo opera\u00e7\u00f5es mais avan\u00e7adas para futuros administradores do portal; ambos os manuais foram escritos em tr\u00eas vers\u00f5es (ingl\u00eas, franc\u00eas e portugu\u00eas);<\/li>\n<li><strong>Workshop de apresenta\u00e7\u00e3o e navega\u00e7\u00e3o passo-a-passo<\/strong> para membro do Secretariado da SADC (cliente);<\/li>\n<li>4 <strong>sess\u00f5es de forma\u00e7\u00e3o online<\/strong>: uma para o Secretariado da SADC (cliente) e tr\u00eas (uma em cada uma das l\u00ednguas oficiais) para representantes dos 16 estados-membros, incluindo ainda <strong>Manuais da forma\u00e7\u00e3o<\/strong> nas tr\u00eas l\u00ednguas.<\/li>\n<\/ul>\n<p>&nbsp;<\/p>\n<p><em>* DRR &#8211; Disaster Risk Reduction (redu\u00e7\u00e3o de risco de desastres) ; SADC &#8211; Southern African Development Community (Coordena\u00e7\u00e3o do Desenvolvimento da \u00c1frica Austral).<\/em><\/p>\n<p><em>[Projeto financiado pelo Banco Mundial]<\/em><\/p>","protected":false},"excerpt":{"rendered":"<p>Em 2015, foi lan\u00e7ado o programa \u201cConstruir resili\u00eancia a desastres naturais nas regi\u00f5es, pa\u00edses e comunidades da \u00c1frica Subsaariana\u201d com o intuito de garantir uma implementa\u00e7\u00e3o eficaz de uma estrat\u00e9gia de redu\u00e7\u00e3o de risco de desastres nesta regi\u00e3o; Este programa &#8230;<\/p>\n","protected":false},"author":3,"featured_media":3090,"parent":176,"menu_order":0,"comment_status":"closed","ping_status":"closed","template":"templates\/projects.php","meta":{"_acf_changed":false,"footnotes":""},"class_list":["post-3089","page","type-page","status-publish","has-post-thumbnail","hentry"],"acf":[],"_links":{"self":[{"href":"https:\/\/www.nemus.pt\/pt\/wp-json\/wp\/v2\/pages\/3089","targetHints":{"allow":["GET"]}}],"collection":[{"href":"https:\/\/www.nemus.pt\/pt\/wp-json\/wp\/v2\/pages"}],"about":[{"href":"https:\/\/www.nemus.pt\/pt\/wp-json\/wp\/v2\/types\/page"}],"author":[{"embeddable":true,"href":"https:\/\/www.nemus.pt\/pt\/wp-json\/wp\/v2\/users\/3"}],"replies":[{"embeddable":true,"href":"https:\/\/www.nemus.pt\/pt\/wp-json\/wp\/v2\/comments?post=3089"}],"version-history":[{"count":0,"href":"https:\/\/www.nemus.pt\/pt\/wp-json\/wp\/v2\/pages\/3089\/revisions"}],"up":[{"embeddable":true,"href":"https:\/\/www.nemus.pt\/pt\/wp-json\/wp\/v2\/pages\/176"}],"wp:featuredmedia":[{"embeddable":true,"href":"https:\/\/www.nemus.pt\/pt\/wp-json\/wp\/v2\/media\/3090"}],"wp:attachment":[{"href":"https:\/\/www.nemus.pt\/pt\/wp-json\/wp\/v2\/media?parent=3089"}],"curies":[{"name":"wp","href":"https:\/\/api.w.org\/{rel}","templated":true}]}}