{"id":3093,"date":"2020-09-17T10:55:53","date_gmt":"2020-09-17T10:55:53","guid":{"rendered":"https:\/\/www.nemus.pt\/pt\/?page_id=3093"},"modified":"2020-09-17T10:57:11","modified_gmt":"2020-09-17T10:57:11","slug":"piscicultura-em-pequena-escala-no-lago-tanganyika-zambia","status":"publish","type":"page","link":"https:\/\/www.nemus.pt\/pt\/projetos\/recursos-naturais\/piscicultura-em-pequena-escala-no-lago-tanganyika-zambia\/","title":{"rendered":"Piscicultura de Pequena Escala no Lago Tanganyika, Z\u00e2mbia"},"content":{"rendered":"<p>O lago Tanganica, em \u00c1frica, \u00e9 conhecido por ser o mais comprido do mundo, por ser um famoso hot-spot de biodiversidade e tamb\u00e9m um caso de estudo muito usado para processos evolutivas, ecol\u00f3gicos e comportamentais. O lago estende-se por quatro pa\u00edses, sendo a Z\u00e2mbia um deles, que coincide com a por\u00e7\u00e3o do extremo sudoeste deste corpo de \u00e1gua.<\/p>\n<p>A \u00e1rea Zambiana do lago foi a \u00e1rea de estudo deste projeto: 2.000 km2 de extens\u00e3o, uma linha de costa de 238 km e 83 aldeias piscat\u00f3rias onde vivem 8.430 pescadores com 2.300 embarca\u00e7\u00f5es. A principal atividade econ\u00f3mica destas popula\u00e7\u00f5es \u00e9 a pesca no lago, que d\u00e1 sustento a 20.000 pessoas.<\/p>\n<p>Embora a piscicultura de grande escala no lago tenha vindo a desenvolver-se muito nos \u00faltimos anos \u2014 sendo a Z\u00e2mbia atualmente o 6\u00ba maior produtor mundial de peixe de aquacultura e o maior produtor de til\u00e1pia na \u00c1frica austral \u2014 est\u00e1 atividade n\u00e3o \u00e9 acess\u00edvel \u00e0 maior parte da popula\u00e7\u00e3o rural. Assim, o Governo decidiu lan\u00e7ar um programa de incentivo \u00e0 <strong>piscicultura de pequena escala<\/strong> (familiar). Este tipo de aquacultura consiste na produ\u00e7\u00e3o de peixes dentro de gaiolas flutuantes que s\u00e3o colocadas em corpos de \u00e1gua j\u00e1 existentes, requerendo pouca manuten\u00e7\u00e3o e investimento inicial muito baixo; tipicamente as gaiolas s\u00e3o mantidas por um agregado familiar e a sua produ\u00e7\u00e3o destina-se, na totalidade, ao consumo pr\u00f3prio.<\/p>\n<p>A fase 1 do programa do Governo inclui a instala\u00e7\u00e3o de 10 pequenas gaiolas-piloto para produ\u00e7\u00e3o de til\u00e1pias e a forma\u00e7\u00e3o de t\u00e9cnicos governamentais e de fam\u00edlias interessadas no processo de produ\u00e7\u00e3o, p\u00f3s-processamento e venda (10 formandos por cada esta\u00e7\u00e3o piloto). No futuro, uma fase 2 do programa dever\u00e1 incluir o alargamento para 100 instala\u00e7\u00f5es de piscicultura de pequena escala.<\/p>\n<p>A fun\u00e7\u00e3o da Nemus, neste projeto, foi <strong>identificar e avaliar os efeitos ambientais e socioecon\u00f3micos<\/strong> da aquacultura na \u00e1rea zambiana do lago, para assegurar que a futura concretiza\u00e7\u00e3o e extens\u00e3o do programa segue as op\u00e7\u00f5es mais estrat\u00e9gicas e sustent\u00e1veis.<\/p>\n<p>Para al\u00e9m do <strong>trabalho de campo<\/strong> de conhecimento e diagn\u00f3stico de toda a \u00e1rea, o projeto incluiu ainda um <strong>workshop para <em>stakeholders<\/em><\/strong> em Mpulungu, a que se seguiram <strong>sess\u00f5es de \u201c<em>focus groups<\/em>\u201d<\/strong> em diversas comunidades.<\/p>\n<p>O projeto incluiu ainda uma an\u00e1lise <strong>de capacidade de carga <em>multi-layer<\/em><\/strong>, feita pela Nemus, para apoiar o Governo na sele\u00e7\u00e3o dos melhores locais para a coloca\u00e7\u00e3o das gaiolas. Para produzir o <strong>mapa final de adequabilidade em 5 classes<\/strong>, considerou-se: condicionantes ecol\u00f3gicas (\u00e1reas protegidas tais como Parques Nacionais e \u00e1reas de reprodu\u00e7\u00e3o, \u00e1reas-chave para a biodiversidade, locais de maternidade para peixes, e o grau de relev\u00e2ncia de cada \u00e1rea para a fauna selvagem), condicionantes f\u00edsico-qu\u00edmicas (dist\u00e2ncia a focos de polui\u00e7\u00e3o terrestres e configura\u00e7\u00e3o da linha de costa), condicionantes operativos (profundidades adequadas para a coloca\u00e7\u00e3o deste tipo de gaiolas).<\/p>\n<p>A avalia\u00e7\u00e3o global feita confirmou que o programa ter\u00e1 uma relev\u00e2ncia muito elevada para as comunidades desta \u00e1rea, porque ir\u00e1 contribuir positivamente para a redu\u00e7\u00e3o da pobreza e para o aumento da qualidade alimentar; este m\u00e9todo de produ\u00e7\u00e3o \u00e9 muito resiliente quanto aos riscos de sobre-explora\u00e7\u00e3o dos recursos do lago, os riscos de dissemina\u00e7\u00e3o de algumas doen\u00e7as (relacionadas com quest\u00f5es de higiene alimentar) e outros de grande escala, relacionados com as altera\u00e7\u00f5es clim\u00e1ticas, trazendo assim maior seguran\u00e7a socioecon\u00f3mica \u00e0s popula\u00e7\u00f5es.<\/p>\n<p>Este trabalho foi o primeiro da Nemus na Z\u00e2mbia e foi desenvolvido em parceria com a sua filial Mo\u00e7ambicana, Nemus Africa.<\/p>","protected":false},"excerpt":{"rendered":"<p>O lago Tanganica, em \u00c1frica, \u00e9 conhecido por ser o mais comprido do mundo, por ser um famoso hot-spot de biodiversidade e tamb\u00e9m um caso de estudo muito usado para processos evolutivas, ecol\u00f3gicos e comportamentais. O lago estende-se por quatro &#8230;<\/p>\n","protected":false},"author":3,"featured_media":3094,"parent":184,"menu_order":0,"comment_status":"closed","ping_status":"closed","template":"","meta":{"_acf_changed":false,"footnotes":""},"class_list":["post-3093","page","type-page","status-publish","has-post-thumbnail","hentry"],"acf":[],"_links":{"self":[{"href":"https:\/\/www.nemus.pt\/pt\/wp-json\/wp\/v2\/pages\/3093","targetHints":{"allow":["GET"]}}],"collection":[{"href":"https:\/\/www.nemus.pt\/pt\/wp-json\/wp\/v2\/pages"}],"about":[{"href":"https:\/\/www.nemus.pt\/pt\/wp-json\/wp\/v2\/types\/page"}],"author":[{"embeddable":true,"href":"https:\/\/www.nemus.pt\/pt\/wp-json\/wp\/v2\/users\/3"}],"replies":[{"embeddable":true,"href":"https:\/\/www.nemus.pt\/pt\/wp-json\/wp\/v2\/comments?post=3093"}],"version-history":[{"count":0,"href":"https:\/\/www.nemus.pt\/pt\/wp-json\/wp\/v2\/pages\/3093\/revisions"}],"up":[{"embeddable":true,"href":"https:\/\/www.nemus.pt\/pt\/wp-json\/wp\/v2\/pages\/184"}],"wp:featuredmedia":[{"embeddable":true,"href":"https:\/\/www.nemus.pt\/pt\/wp-json\/wp\/v2\/media\/3094"}],"wp:attachment":[{"href":"https:\/\/www.nemus.pt\/pt\/wp-json\/wp\/v2\/media?parent=3093"}],"curies":[{"name":"wp","href":"https:\/\/api.w.org\/{rel}","templated":true}]}}