{"id":3095,"date":"2020-11-18T11:24:12","date_gmt":"2020-11-18T11:24:12","guid":{"rendered":"https:\/\/www.nemus.pt\/pt\/?page_id=3095"},"modified":"2020-11-18T11:24:12","modified_gmt":"2020-11-18T11:24:12","slug":"sistema-de-transporte-da-agua-do-rio-lilongwe-malawi","status":"publish","type":"page","link":"https:\/\/www.nemus.pt\/pt\/projetos\/transportes-e-infraestruturas\/sistema-de-transporte-da-agua-do-rio-lilongwe-malawi\/","title":{"rendered":"Sistema de transporte da \u00e1gua do rio Lilongwe, Malawi"},"content":{"rendered":"<p>Um abastecimento de \u00e1gua seguro e confi\u00e1vel \u00e9 vital para um desenvolvimento civilizacional saud\u00e1vel e sustent\u00e1vel de qualquer territ\u00f3rio. Em algumas \u00e1reas do Malawi isto ainda n\u00e3o est\u00e1 assegurado e o panorama tem, inclusivamente, vindo a agravar-se: os per\u00edodos de escassez s\u00e3o cada vez mais e mais prolongados e a qualidade da \u00e1gua n\u00e3o \u00e9 est\u00e1vel.<\/p>\n<p>O Lilongwe Water Board decidiu assim investir numa melhoria significativa do servi\u00e7o de abastecimento de \u00e1gua \u00e0 capital, Lilongwe, que \u00e9 atualmente abastecida por duas pequenas albufeiras localizadas no rio Lilongwe e constru\u00eddas no s\u00e9culo passado (1989 e 1966). O novo sistema proposto ir\u00e1 beneficiar n\u00e3o apenas a capital, mas tamb\u00e9m v\u00e1rias cidades e povoa\u00e7\u00f5es ao longo da estrada M14 que liga Lilongwe a Salima (c. 90 km).<\/p>\n<p>O projeto \u2013 um dos <strong>maiores deste tipo, alguma vez feito em \u00c1frica<\/strong> \u2013 inclui: a capta\u00e7\u00e3o de \u00e1gua no lago Malawi e transporte (2 km) at\u00e9 uma esta\u00e7\u00e3o de tratamento e, subsequente transporte de \u00e1gua tratada at\u00e9 \u00e0 capital, ao longo de 110 km de tubagens.<\/p>\n<p>Os n\u00fameros deste projeto falam por si:<\/p>\n<ul>\n<li><strong>112 de tubagens<\/strong> desde o lago Malawi at\u00e9 \u00e0 capital, Lilongwe;<\/li>\n<li><strong>4 esta\u00e7\u00f5es de bombagem<\/strong>;<\/li>\n<li><strong>4 dep\u00f3sitos de \u00e1gua<\/strong> <strong>tratada<\/strong> e infraestruturas acess\u00f3rias;<\/li>\n<li>A constru\u00e7\u00e3o de todo o sistema dever\u00e1 levar <strong>24 meses<\/strong>, com <strong>5 frentes de trabalho<\/strong> em simult\u00e2neo;<\/li>\n<li>A constru\u00e7\u00e3o ir\u00e1 envolver a presen\u00e7a de uma m\u00e9dia de <strong>474 trabalhadores<\/strong> em simult\u00e2neo, prevendo-se que atinja <strong>716 trabalhadores<\/strong> nos per\u00edodos de pico.<\/li>\n<\/ul>\n<p>O papel da Nemus neste projeto foi elaborar o <strong>estudo de impacto ambiental e social (ESIA)<\/strong>, cobrindo toda a \u00e1rea afetada, popula\u00e7\u00f5es e seus recursos, assim como os recursos naturais.<\/p>\n<p>Os estudos de base desenvolvidos inclu\u00edram os seguintes temas: geologia, topografia, hidrogeologia, solos, clima e meteorologia, qualidade do ar, qualidade das \u00e1guas superficiais, ecologia, flora, fauna, s\u00f3cio economia e sa\u00fade p\u00fablica.<\/p>\n<p>Dada a previs\u00e3o de afeta\u00e7\u00e3o de 1.700 pessoas e de 1.059 ativos, foi tamb\u00e9m necess\u00e1rio elaborar um <strong>plano de reassentamento (RAP)<\/strong>, para assegurar o realojamento adequado de pessoas e bens.<\/p>\n<p>Durante todo o processo garantiu-se uma efetiva <strong>participa\u00e7\u00e3o p\u00fablica<\/strong>, atrav\u00e9s da realiza\u00e7\u00e3o de 2 rondas de 3 sess\u00f5es p\u00fablicas (uma em cada um dos Distritos afetados).<\/p>","protected":false},"excerpt":{"rendered":"<p>Um abastecimento de \u00e1gua seguro e confi\u00e1vel \u00e9 vital para um desenvolvimento civilizacional saud\u00e1vel e sustent\u00e1vel de qualquer territ\u00f3rio. Em algumas \u00e1reas do Malawi isto ainda n\u00e3o est\u00e1 assegurado e o panorama tem, inclusivamente, vindo a agravar-se: os per\u00edodos de &#8230;<\/p>\n","protected":false},"author":3,"featured_media":3096,"parent":172,"menu_order":0,"comment_status":"closed","ping_status":"closed","template":"","meta":{"_acf_changed":false,"footnotes":""},"class_list":["post-3095","page","type-page","status-publish","has-post-thumbnail","hentry"],"acf":[],"_links":{"self":[{"href":"https:\/\/www.nemus.pt\/pt\/wp-json\/wp\/v2\/pages\/3095","targetHints":{"allow":["GET"]}}],"collection":[{"href":"https:\/\/www.nemus.pt\/pt\/wp-json\/wp\/v2\/pages"}],"about":[{"href":"https:\/\/www.nemus.pt\/pt\/wp-json\/wp\/v2\/types\/page"}],"author":[{"embeddable":true,"href":"https:\/\/www.nemus.pt\/pt\/wp-json\/wp\/v2\/users\/3"}],"replies":[{"embeddable":true,"href":"https:\/\/www.nemus.pt\/pt\/wp-json\/wp\/v2\/comments?post=3095"}],"version-history":[{"count":0,"href":"https:\/\/www.nemus.pt\/pt\/wp-json\/wp\/v2\/pages\/3095\/revisions"}],"up":[{"embeddable":true,"href":"https:\/\/www.nemus.pt\/pt\/wp-json\/wp\/v2\/pages\/172"}],"wp:featuredmedia":[{"embeddable":true,"href":"https:\/\/www.nemus.pt\/pt\/wp-json\/wp\/v2\/media\/3096"}],"wp:attachment":[{"href":"https:\/\/www.nemus.pt\/pt\/wp-json\/wp\/v2\/media?parent=3095"}],"curies":[{"name":"wp","href":"https:\/\/api.w.org\/{rel}","templated":true}]}}