{"id":3202,"date":"2024-04-19T17:02:05","date_gmt":"2024-04-19T17:02:05","guid":{"rendered":"https:\/\/www.nemus.pt\/pt\/?page_id=3202"},"modified":"2024-04-21T17:18:22","modified_gmt":"2024-04-21T17:18:22","slug":"estudo-de-incidencias-ambientais-einca-do-sistema-fotovoltaico-flutuante-do-alqueva","status":"publish","type":"page","link":"https:\/\/www.nemus.pt\/pt\/projetos\/energias-renovaveis\/estudo-de-incidencias-ambientais-einca-do-sistema-fotovoltaico-flutuante-do-alqueva\/","title":{"rendered":"Estudo de Incid\u00eancias Ambientais (EIncA) do Sistema Fotovoltaico Flutuante do Alqueva"},"content":{"rendered":"<p>A EDP pretende implantar um sistema fotovoltaico flutuante no reservat\u00f3rio de Alqueva, com uma capacidade estimada de 10 MW, ocupando uma \u00e1rea de 10 ha imediatamente acima da barragem. O projeto consiste nos seguintes principais componentes estruturais: pain\u00e9is solares; estrutura flutuante; ancoragem\/ancoragem; liga\u00e7\u00e3o el\u00e9trica \u00e0 rede. <\/p>\n<p>O principal objetivo da atribui\u00e7\u00e3o foi garantir, atrav\u00e9s do desenvolvimento do estudo de impacto ambiental do projeto, que as estruturas induzirem os impactos m\u00ednimos no ambiente.<\/p>\n<p>O estudo incluiu a caracteriza\u00e7\u00e3o do ambiente afectado pelo projecto (geologia e geomorfologia, recursos h\u00eddricos de superf\u00edcie, qualidade do ar e altera\u00e7\u00f5es clim\u00e1ticas, ambiente saud\u00e1vel, solos e utiliza\u00e7\u00e3o do solo, sistemas ecol\u00f3gicos, planeamento espacial, paisagem, patrim\u00f3nio cultural e socioecon\u00f3mico); a identifica\u00e7\u00e3o e avalia\u00e7\u00e3o de impactos ambientais para as fases de constru\u00e7\u00e3o, explora\u00e7\u00e3o e desmantelamento do projecto, para uma vis\u00e3o global e conduzir a uma tomada de decis\u00e3o s\u00f3lida pelas entidades ambientais; uma proposta de medidas ambientais para minimizar os impactos, indicando os m\u00e9todos globais mais favor\u00e1veis para a implementa\u00e7\u00e3o do projecto e, consequentemente, explora\u00e7\u00e3o de acordo com os crit\u00e9rios ambiental e operacional; bem como a Monitoriza\u00e7\u00e3o e Gest\u00e3o Ambiental e um Plano de Monitoriza\u00e7\u00e3o Ambiental.<\/p>","protected":false},"excerpt":{"rendered":"<p>A EDP pretende implantar um sistema fotovoltaico flutuante no reservat\u00f3rio de Alqueva, com uma capacidade estimada de 10 MW, ocupando uma \u00e1rea de 10 ha imediatamente acima da barragem. O projeto consiste nos seguintes principais componentes estruturais: pain\u00e9is solares; estrutura &#8230;<\/p>\n","protected":false},"author":4,"featured_media":3207,"parent":174,"menu_order":0,"comment_status":"closed","ping_status":"closed","template":"templates\/projects.php","meta":{"_acf_changed":false,"footnotes":""},"class_list":["post-3202","page","type-page","status-publish","has-post-thumbnail","hentry"],"acf":[],"_links":{"self":[{"href":"https:\/\/www.nemus.pt\/pt\/wp-json\/wp\/v2\/pages\/3202","targetHints":{"allow":["GET"]}}],"collection":[{"href":"https:\/\/www.nemus.pt\/pt\/wp-json\/wp\/v2\/pages"}],"about":[{"href":"https:\/\/www.nemus.pt\/pt\/wp-json\/wp\/v2\/types\/page"}],"author":[{"embeddable":true,"href":"https:\/\/www.nemus.pt\/pt\/wp-json\/wp\/v2\/users\/4"}],"replies":[{"embeddable":true,"href":"https:\/\/www.nemus.pt\/pt\/wp-json\/wp\/v2\/comments?post=3202"}],"version-history":[{"count":0,"href":"https:\/\/www.nemus.pt\/pt\/wp-json\/wp\/v2\/pages\/3202\/revisions"}],"up":[{"embeddable":true,"href":"https:\/\/www.nemus.pt\/pt\/wp-json\/wp\/v2\/pages\/174"}],"wp:featuredmedia":[{"embeddable":true,"href":"https:\/\/www.nemus.pt\/pt\/wp-json\/wp\/v2\/media\/3207"}],"wp:attachment":[{"href":"https:\/\/www.nemus.pt\/pt\/wp-json\/wp\/v2\/media?parent=3202"}],"curies":[{"name":"wp","href":"https:\/\/api.w.org\/{rel}","templated":true}]}}