{"id":3206,"date":"2024-09-19T17:39:21","date_gmt":"2024-09-19T17:39:21","guid":{"rendered":"https:\/\/www.nemus.pt\/pt\/?page_id=3206"},"modified":"2025-01-17T16:12:17","modified_gmt":"2025-01-17T16:12:17","slug":"quadro-metodologico-para-a-gestao-integrada-da-zona-costeira-granada-jamaica-santa-lucia-e-sao-vicente-e-granadinas","status":"publish","type":"page","link":"https:\/\/www.nemus.pt\/pt\/projetos\/alteracoes-climaticas\/quadro-metodologico-para-a-gestao-integrada-da-zona-costeira-granada-jamaica-santa-lucia-e-sao-vicente-e-granadinas\/","title":{"rendered":"Quadro Metodol\u00f3gico para a Gest\u00e3o Integrada da Zona Costeira &#8211; Granada, Jamaica, Santa L\u00facia e S\u00e3o Vicente e Granadinas"},"content":{"rendered":"<p>O objetivo global do projeto \u00e9 assegurar que os princ\u00edpios e objetivos da Gest\u00e3o Integrada da Zona Costeira (GIZC) sejam incorporados na tomada de decis\u00f5es para novos desenvolvimentos e contribuam para uma gest\u00e3o sustent\u00e1vel e equitativa das terras, habitats e recursos costeiros.<\/p>\n<p>Para este efeito, a consultoria inclui avalia\u00e7\u00f5es das estruturas de governa\u00e7\u00e3o nacional, municipal e local para a tomada de decis\u00f5es sobre iniciativas e a\u00e7\u00f5es de desenvolvimento e faz recomenda\u00e7\u00f5es para a integra\u00e7\u00e3o da GIZC na tomada de decis\u00f5es para resultados de desenvolvimento socioecon\u00f3mico sustent\u00e1vel.<br \/>\n<\/p>","protected":false},"excerpt":{"rendered":"<p>O objetivo global do projeto \u00e9 assegurar que os princ\u00edpios e objetivos da Gest\u00e3o Integrada da Zona Costeira (GIZC) sejam incorporados na tomada de decis\u00f5es para novos desenvolvimentos e contribuam para uma gest\u00e3o sustent\u00e1vel e equitativa das terras, habitats e &#8230;<\/p>\n","protected":false},"author":4,"featured_media":3203,"parent":176,"menu_order":0,"comment_status":"closed","ping_status":"closed","template":"","meta":{"_acf_changed":false,"footnotes":""},"class_list":["post-3206","page","type-page","status-publish","has-post-thumbnail","hentry"],"acf":[],"_links":{"self":[{"href":"https:\/\/www.nemus.pt\/pt\/wp-json\/wp\/v2\/pages\/3206","targetHints":{"allow":["GET"]}}],"collection":[{"href":"https:\/\/www.nemus.pt\/pt\/wp-json\/wp\/v2\/pages"}],"about":[{"href":"https:\/\/www.nemus.pt\/pt\/wp-json\/wp\/v2\/types\/page"}],"author":[{"embeddable":true,"href":"https:\/\/www.nemus.pt\/pt\/wp-json\/wp\/v2\/users\/4"}],"replies":[{"embeddable":true,"href":"https:\/\/www.nemus.pt\/pt\/wp-json\/wp\/v2\/comments?post=3206"}],"version-history":[{"count":0,"href":"https:\/\/www.nemus.pt\/pt\/wp-json\/wp\/v2\/pages\/3206\/revisions"}],"up":[{"embeddable":true,"href":"https:\/\/www.nemus.pt\/pt\/wp-json\/wp\/v2\/pages\/176"}],"wp:featuredmedia":[{"embeddable":true,"href":"https:\/\/www.nemus.pt\/pt\/wp-json\/wp\/v2\/media\/3203"}],"wp:attachment":[{"href":"https:\/\/www.nemus.pt\/pt\/wp-json\/wp\/v2\/media?parent=3206"}],"curies":[{"name":"wp","href":"https:\/\/api.w.org\/{rel}","templated":true}]}}