{"id":3228,"date":"2025-06-06T16:06:45","date_gmt":"2025-06-06T16:06:45","guid":{"rendered":"https:\/\/www.nemus.pt\/pt\/?page_id=3228"},"modified":"2026-01-26T17:30:34","modified_gmt":"2026-01-26T17:30:34","slug":"monitorizacao-ambiental-e-social-por-terceiros-no-ambito-do-segundo-projeto-de-desenvolvimento-institucional-do-setor-da-agua-wsidp-2","status":"publish","type":"page","link":"https:\/\/www.nemus.pt\/pt\/projetos\/agua\/en-environmental-and-social-third-party-monitoring-under-the-2nd-water-sector-institutional-development-project-wsidp-2\/","title":{"rendered":"Monitoriza\u00e7\u00e3o Ambiental e Social por Terceiros no \u00e2mbito do Segundo Projeto de Desenvolvimento Institucional do Setor da \u00c1gua (WSIDP-2)"},"content":{"rendered":"<p>O Governo de Angola solicitou financiamento ao Banco Mundial para refor\u00e7ar a capacidade institucional das ag\u00eancias de \u00e1gua do Bi\u00e9, Huambo, Hu\u00edla, Namibe, Cuanza Norte, U\u00edge, Malanje, Lunda Norte e Moxico, para alargar a cobertura dos servi\u00e7os e \u00e2mbito dos sistemas de abastecimento de \u00e1gua, e como financiamento adicional para a realiza\u00e7\u00e3o de estudos estrat\u00e9gicos a n\u00edvel nacional e provincial para a implementa\u00e7\u00e3o de sistemas de saneamento.<\/p>\n<p>O Projeto WSIDP-2 foi criado para cobrir um conjunto de subprojetos com diferentes tamanhos e impactos. O WSIDP-2 visa refor\u00e7ar os objetivos do WSIDP-1, colaborando com o aumento do alcance de \u00e1gua pot\u00e1vel e garantindo a sustentabilidade dos sistemas nas nove cidades-alvo. Os objetivos espec\u00edficos s\u00e3o os seguintes:<\/p>\n<ul>\n<li>Apoio institucional ao desenvolvimento setorial, incluindo a gest\u00e3o dos recursos h\u00eddricos;<\/li>\n<li>Reabilita\u00e7\u00e3o e amplia\u00e7\u00e3o dos sistemas de abastecimento de \u00e1gua em nove capitais provinciais;<\/li>\n<li>Capacita\u00e7\u00e3o e mudan\u00e7as institucionais.<\/li>\n<\/ul>\n<p><\/p>","protected":false},"excerpt":{"rendered":"<p>O Governo de Angola solicitou financiamento ao Banco Mundial para refor\u00e7ar a capacidade institucional das ag\u00eancias de \u00e1gua do Bi\u00e9, Huambo, Hu\u00edla, Namibe, Cuanza Norte, U\u00edge, Malanje, Lunda Norte e Moxico, para alargar a cobertura dos servi\u00e7os e \u00e2mbito dos &#8230;<\/p>\n","protected":false},"author":4,"featured_media":3229,"parent":166,"menu_order":0,"comment_status":"closed","ping_status":"closed","template":"","meta":{"_acf_changed":false,"footnotes":""},"class_list":["post-3228","page","type-page","status-publish","has-post-thumbnail","hentry"],"acf":[],"_links":{"self":[{"href":"https:\/\/www.nemus.pt\/pt\/wp-json\/wp\/v2\/pages\/3228","targetHints":{"allow":["GET"]}}],"collection":[{"href":"https:\/\/www.nemus.pt\/pt\/wp-json\/wp\/v2\/pages"}],"about":[{"href":"https:\/\/www.nemus.pt\/pt\/wp-json\/wp\/v2\/types\/page"}],"author":[{"embeddable":true,"href":"https:\/\/www.nemus.pt\/pt\/wp-json\/wp\/v2\/users\/4"}],"replies":[{"embeddable":true,"href":"https:\/\/www.nemus.pt\/pt\/wp-json\/wp\/v2\/comments?post=3228"}],"version-history":[{"count":0,"href":"https:\/\/www.nemus.pt\/pt\/wp-json\/wp\/v2\/pages\/3228\/revisions"}],"up":[{"embeddable":true,"href":"https:\/\/www.nemus.pt\/pt\/wp-json\/wp\/v2\/pages\/166"}],"wp:featuredmedia":[{"embeddable":true,"href":"https:\/\/www.nemus.pt\/pt\/wp-json\/wp\/v2\/media\/3229"}],"wp:attachment":[{"href":"https:\/\/www.nemus.pt\/pt\/wp-json\/wp\/v2\/media?parent=3228"}],"curies":[{"name":"wp","href":"https:\/\/api.w.org\/{rel}","templated":true}]}}