{"id":459,"date":"2014-02-04T17:46:51","date_gmt":"2014-02-04T17:46:51","guid":{"rendered":"http:\/\/www.nemus.pt\/?page_id=459"},"modified":"2014-11-12T10:08:53","modified_gmt":"2014-11-12T10:08:53","slug":"d-h","status":"publish","type":"page","link":"https:\/\/www.nemus.pt\/pt\/a-nemus\/clientes-e-parceiros\/d-h\/","title":{"rendered":"D \u2013 H"},"content":{"rendered":"<p>Deloitte &amp; Touche<br \/>\nDirec\u00e7\u00e3o Geral do Ambiente<br \/>\nDirec\u00e7\u00e3o Regional das Pescas dos A\u00e7ores<br \/>\nDirec\u00e7\u00e3o Regional do Ambiente do Alentejo<br \/>\nDirec\u00e7\u00e3o Regional do Ambiente do Algarve<br \/>\nDirec\u00e7\u00e3o Regional do Ambiente e do Ordenamento do Territ\u00f3rio do Centro<br \/>\nDirec\u00e7\u00e3o Regional do Ambiente e do Ordenamento do Territ\u00f3rio do Norte<br \/>\nDirec\u00e7\u00e3o-Geral de Desenvolvimento Regional<br \/>\nEcossistema \u2013 Consultores em Engenharia do Ambiente, Lda.<br \/>\nECOTEC Research &amp; Consulting, Ltd. (actual ECORYS)<br \/>\nEDIFER \u2013 Constru\u00e7\u00f5es Pires Coelho &amp; Fernandes, S.A.<br \/>\nEDP &#8211; Energias de Portugal<br \/>\nEmpresa de Desenvolvimento de Maputo Sul, E.P.<br \/>\nEmpresa de Desenvolvimento e Infra-estruturas do Alqueva, S.A. (EDIA)<br \/>\nEnerfer \u2013 Produ\u00e7\u00e3o de Energia Solar e E\u00f3lica<br \/>\nEnerpal, S.A.<br \/>\nEstradas de Portugal, S.A.<br \/>\nEuropean Association for Information on Local Development (AEIDL)<br \/>\nEuropean Evaluation Network for Rural Development<br \/>\nFBO \u2013 Consultores, S.A.<br \/>\nFerconsult \u2013 Consultoria, Estudos e Projectos de Engenharia, S.A.<br \/>\nFevin \u2013 Engenharia p\/ Instala\u00e7\u00f5es, Lda.<br \/>\nFinalgarve \u2013 Sociedade de Promo\u00e7\u00e3o Imobili\u00e1ria e Tur\u00edstica, S.A.<br \/>\nFind \u2013 Media\u00e7\u00e3o Imobili\u00e1ria, Lda.<br \/>\nGabinete do Gestor do Programa Operacional do Ambiente<br \/>\nGaiapolis \u2013 Sociedade para o Desenvolvimento do Programa Polis em Vila Nova Gaia, S.A.<br \/>\nGamesa Energia Portugal, S.A.<br \/>\nGAPTEC \u2013 Gabinete de Apoio da Universidade T\u00e9cnica de Lisboa<br \/>\nGEOSUB \u2013 Prospec\u00e7\u00e3o, Geom\u00e1tica e Ambiente, Lda.<br \/>\nGIBB Portugal<br \/>\nGlobal \u2013 Arquitectura Paisagista<br \/>\nGlobalab \u2013 Ensaios Quimicos e Microbiologicos S.A.<br \/>\nGoldtur \u2013 Hot\u00e9is e Turismo, S.A.<br \/>\nGoverno de S\u00e3o Tom\u00e9 e Pr\u00edncipe<br \/>\nGrupo Inland Find\u2013 Imobili\u00e1ria<br \/>\nGrupo MCA<br \/>\nGrupo Solverde, S.A.<br \/>\nHB \u2013 Hip\u00f3lito Bettencourt, Arquitectura Paisagista, Lda.<br \/>\nHidromod, Modela\u00e7\u00e3o em Engenharia<br \/>\nHLC \u2013 Engenharia e Gest\u00e3o de Projectos, S.A.<br \/>\nHot\u00e9is Sofitel<\/p>","protected":false},"excerpt":{"rendered":"<p>Deloitte &amp; Touche Direc\u00e7\u00e3o Geral do Ambiente Direc\u00e7\u00e3o Regional das Pescas dos A\u00e7ores Direc\u00e7\u00e3o Regional do Ambiente do Alentejo Direc\u00e7\u00e3o Regional do Ambiente do Algarve Direc\u00e7\u00e3o Regional do Ambiente e do Ordenamento do Territ\u00f3rio do Centro Direc\u00e7\u00e3o Regional do Ambiente &#8230;<\/p>\n","protected":false},"author":3,"featured_media":0,"parent":142,"menu_order":3,"comment_status":"open","ping_status":"open","template":"","meta":{"_acf_changed":false,"footnotes":""},"class_list":["post-459","page","type-page","status-publish","hentry"],"acf":[],"_links":{"self":[{"href":"https:\/\/www.nemus.pt\/pt\/wp-json\/wp\/v2\/pages\/459","targetHints":{"allow":["GET"]}}],"collection":[{"href":"https:\/\/www.nemus.pt\/pt\/wp-json\/wp\/v2\/pages"}],"about":[{"href":"https:\/\/www.nemus.pt\/pt\/wp-json\/wp\/v2\/types\/page"}],"author":[{"embeddable":true,"href":"https:\/\/www.nemus.pt\/pt\/wp-json\/wp\/v2\/users\/3"}],"replies":[{"embeddable":true,"href":"https:\/\/www.nemus.pt\/pt\/wp-json\/wp\/v2\/comments?post=459"}],"version-history":[{"count":0,"href":"https:\/\/www.nemus.pt\/pt\/wp-json\/wp\/v2\/pages\/459\/revisions"}],"up":[{"embeddable":true,"href":"https:\/\/www.nemus.pt\/pt\/wp-json\/wp\/v2\/pages\/142"}],"wp:attachment":[{"href":"https:\/\/www.nemus.pt\/pt\/wp-json\/wp\/v2\/media?parent=459"}],"curies":[{"name":"wp","href":"https:\/\/api.w.org\/{rel}","templated":true}]}}