{"id":480,"date":"2014-03-07T03:17:01","date_gmt":"2014-03-07T03:17:01","guid":{"rendered":"http:\/\/www.nemus.pt\/?page_id=480"},"modified":"2024-04-22T12:58:36","modified_gmt":"2024-04-22T12:58:36","slug":"estrategia-empresarial-e-valores","status":"publish","type":"page","link":"https:\/\/www.nemus.pt\/pt\/a-nemus\/estrategia-empresarial-e-valores\/","title":{"rendered":"Estrat\u00e9gia empresarial"},"content":{"rendered":"<p>Apostamos cada vez mais nos mercados internacionais, com especial enfoque nos pa\u00edses em desenvolvimento, onde se encontram os maiores desafios \u00e0 criatividade que estimulam as nossas equipas.<\/p>\n<hr>\n<p>As novas exig\u00eancias do desenvolvimento sustent\u00e1vel levaram-nos a estender a interven\u00e7\u00e3o muito para al\u00e9m dos dom\u00ednios iniciais, centrados na avalia\u00e7\u00e3o e gest\u00e3o ambiental, na geodin\u00e2mica e na gest\u00e3o e reabilita\u00e7\u00e3o de \u00e1reas costeiras.<\/p>\n<p>A gest\u00e3o de recursos h\u00eddricos, o planeamento e gest\u00e3o territorial, a avalia\u00e7\u00e3o de programas e pol\u00edticas p\u00fablicas, estudos econ\u00f3micos e socioecon\u00f3micos, estudos multidisciplinares, programas de comunica\u00e7\u00e3o e projetos de sustentabilidade s\u00e3o \u00e1reas que t\u00eam assumido import\u00e2ncia crescente no portf\u00f3lio de servi\u00e7os na Nemus e que continuar\u00e3o a desenvolver-se no futuro, fruto n\u00e3o s\u00f3 da maior imposi\u00e7\u00e3o social e da evolu\u00e7\u00e3o dos quadros regulamentares, mas tamb\u00e9m do acelerado\u00a0crescimento que se verifica em algumas regi\u00f5es do globo.<\/p>\n<hr>\n<h3 style=\"text-align: center;\"><span style=\"color: #e46c0a;\">Os nossos valores<\/span><\/h3>\n<div class=\"grid\"><div class=\"grid__item one-half portable-one-whole\"><p>\n<strong>Inova\u00e7\u00e3o<\/strong><br \/>\nFomentamos a vis\u00e3o estrat\u00e9gica e a criatividade e estamos sempre abertos a explorar novas ideias suscet\u00edveis de transformar a realidade ou acrescentar valor aos projetos.<\/p>\n<\/div><!--\n--><div class=\"grid__item one-half portable-one-whole\"><p>\n<strong>Excel\u00eancia<\/strong><br \/>\nProcuramos atingir a excel\u00eancia atrav\u00e9s do recurso a m\u00e9todos de trabalhos eficientes e processos certificados, pela constante atualiza\u00e7\u00e3o dos nossos quadros, pela manuten\u00e7\u00e3o de parcerias est\u00e1veis e por uma cultura de servi\u00e7o ao cliente.<\/p>\n<\/div><\/div>\n<div class=\"grid\"><div class=\"grid__item one-half portable-one-whole\"><p>\n<strong>Talento<\/strong><br \/>\nNa Nemus acreditamos que o talento das pessoas \u00e9 o fator distintivo. Encontra-se patente na equipa multidisciplinar, flex\u00edvel e experiente, dotada de sentido de responsabilidade e compromisso.<\/p>\n<\/div><!--\n--><div class=\"grid__item one-half portable-one-whole\"><p>\n<strong>Flexibilidade<\/strong><br \/>\nA diversidade de projetos, clientes, espa\u00e7os geogr\u00e1ficos e equipas constitui um desafio s\u00f3 superado pela experi\u00eancia, disciplina, coragem e compromisso que os\u00a0quadros na Nemus demonstram.<\/p>\n<\/div><\/div>\n<hr>\n<h3 style=\"text-align: center;\"><span style=\"color: #e46c0a;\">Certifica\u00e7\u00e3o &#038; Qualidade<\/span><\/h3>\n<p>O Sistema de Gest\u00e3o da Qualidade da Nemus est\u00e1 certificado pela T\u00dcV Rheinland Portugal de acordo com a Norma NP ISO 9001:2015 (ver certificado <a href=\"https:\/\/www.nemus.pt\/wp-content\/uploads\/2024\/02\/CertificadoISO9001_PT_20022024.pdf\" rel=\"noopener\" target=\"_blank\">aqui<\/a>).<\/p>\n<p><img loading=\"lazy\" decoding=\"async\" src=\"https:\/\/www.nemus.pt\/wp-content\/uploads\/2018\/05\/simbolo_3-150x76.png\" alt=\"\" width=\"150\" height=\"76\" class=\"aligncenter size-thumbnail wp-image-2903\" srcset=\"https:\/\/www.nemus.pt\/wp-content\/uploads\/2018\/05\/simbolo_3-150x76.png 150w, https:\/\/www.nemus.pt\/wp-content\/uploads\/2018\/05\/simbolo_3-300x152.png 300w, https:\/\/www.nemus.pt\/wp-content\/uploads\/2018\/05\/simbolo_3.png 358w\" sizes=\"auto, (max-width: 150px) 100vw, 150px\" \/><\/p>\n<p>A <a href=\"https:\/\/www.nemus.pt\/wp-content\/uploads\/2018\/02\/Pol\u00edtica-da-Qualidade.pdf\" rel=\"noopener\" target=\"_blank\">pol\u00edtica da qualidade<\/a> da Nemus assenta da melhoria cont\u00ednua dos processos e na monitoriza\u00e7\u00e3o constante do desempenho da empresa, das necessidades de forma\u00e7\u00e3o dos colaboradores, dos <a href=\"https:\/\/www.nemus.pt\/wp-content\/uploads\/2018\/02\/Monitoriza\u00e7\u00e3o-fornecedores.pdf\" rel=\"noopener\" target=\"_blank\">fornecedores externos<\/a> e da satisfa\u00e7\u00e3o dos clientes.<\/p>\n<p>Para fornecer servi\u00e7os de acordo com as melhores pr\u00e1ticas e normas internacionais, a Nemus adere tamb\u00e9m a um rigoroso <a href=\"https:\/\/www.nemus.pt\/wp-content\/uploads\/2014\/03\/Codigo-etica_NEMUS.pdf\" rel=\"noopener\" target=\"_blank\">C\u00f3digo de \u00c9tica e Conduta<\/a>, com particular foco para a anticorrup\u00e7\u00e3o.<\/p>","protected":false},"excerpt":{"rendered":"<p>Apostamos cada vez mais nos mercados internacionais, com especial enfoque nos pa\u00edses em desenvolvimento, onde se encontram os maiores desafios \u00e0 criatividade que estimulam as nossas equipas. As novas exig\u00eancias do desenvolvimento sustent\u00e1vel levaram-nos a estender a interven\u00e7\u00e3o muito para &#8230;<\/p>\n","protected":false},"author":3,"featured_media":1543,"parent":7,"menu_order":2,"comment_status":"open","ping_status":"open","template":"","meta":{"_acf_changed":false,"footnotes":""},"class_list":["post-480","page","type-page","status-publish","has-post-thumbnail","hentry"],"acf":[],"_links":{"self":[{"href":"https:\/\/www.nemus.pt\/pt\/wp-json\/wp\/v2\/pages\/480","targetHints":{"allow":["GET"]}}],"collection":[{"href":"https:\/\/www.nemus.pt\/pt\/wp-json\/wp\/v2\/pages"}],"about":[{"href":"https:\/\/www.nemus.pt\/pt\/wp-json\/wp\/v2\/types\/page"}],"author":[{"embeddable":true,"href":"https:\/\/www.nemus.pt\/pt\/wp-json\/wp\/v2\/users\/3"}],"replies":[{"embeddable":true,"href":"https:\/\/www.nemus.pt\/pt\/wp-json\/wp\/v2\/comments?post=480"}],"version-history":[{"count":0,"href":"https:\/\/www.nemus.pt\/pt\/wp-json\/wp\/v2\/pages\/480\/revisions"}],"up":[{"embeddable":true,"href":"https:\/\/www.nemus.pt\/pt\/wp-json\/wp\/v2\/pages\/7"}],"wp:featuredmedia":[{"embeddable":true,"href":"https:\/\/www.nemus.pt\/pt\/wp-json\/wp\/v2\/media\/1543"}],"wp:attachment":[{"href":"https:\/\/www.nemus.pt\/pt\/wp-json\/wp\/v2\/media?parent=480"}],"curies":[{"name":"wp","href":"https:\/\/api.w.org\/{rel}","templated":true}]}}