{"id":5,"date":"2013-11-06T14:52:35","date_gmt":"2013-11-03T19:04:11","guid":{"rendered":"http:\/\/nemus\/?page_id=5"},"modified":"2023-03-08T16:57:26","modified_gmt":"2023-03-08T16:57:26","slug":"home","status":"publish","type":"page","link":"https:\/\/www.nemus.pt\/pt\/","title":{"rendered":"Home"},"content":{"rendered":"<p>A Nemus \u00e9\u00a0uma consultora internacional que atua nas \u00e1reas do ambiente, do desenvolvimento e pol\u00edticas p\u00fablicas e da sustentabilidade, na Europa, \u00c1frica e Am\u00e9rica Latina. \u00c0s maiores exig\u00eancias ambientais, econ\u00f3micas e sociais respondemos com interven\u00e7\u00f5es multidisciplinares, inovadoras e eficazes, desenvolvidas por uma equipa talentosa e muito experiente.<\/p>\n<p><span style=\"color: #ff9900;\"><hr><\/span><\/p>\n<p style=\"text-align: center;\">Consulte abaixo alguns dos nossos projetos nos dom\u00ednios de atua\u00e7\u00e3o de\u00a0<strong>Ambiente<\/strong>,\u00a0<strong>Desenvolvimento e Pol\u00edticas P\u00fablicas<\/strong>\u00a0e\u00a0<strong>Sustentabilidade<\/strong>.<\/p>\n<p><\/p>","protected":false},"excerpt":{"rendered":"<p>A Nemus \u00e9\u00a0uma consultora internacional que atua nas \u00e1reas do ambiente, do desenvolvimento e pol\u00edticas p\u00fablicas e da sustentabilidade, na Europa, \u00c1frica e Am\u00e9rica Latina. \u00c0s maiores exig\u00eancias ambientais, econ\u00f3micas e sociais respondemos com interven\u00e7\u00f5es multidisciplinares, inovadoras e eficazes, desenvolvidas &#8230;<\/p>\n","protected":false},"author":3,"featured_media":0,"parent":0,"menu_order":2,"comment_status":"open","ping_status":"open","template":"templates\/front-page.php","meta":{"_acf_changed":false,"footnotes":""},"class_list":["post-5","page","type-page","status-publish","hentry"],"acf":[],"_links":{"self":[{"href":"https:\/\/www.nemus.pt\/pt\/wp-json\/wp\/v2\/pages\/5","targetHints":{"allow":["GET"]}}],"collection":[{"href":"https:\/\/www.nemus.pt\/pt\/wp-json\/wp\/v2\/pages"}],"about":[{"href":"https:\/\/www.nemus.pt\/pt\/wp-json\/wp\/v2\/types\/page"}],"author":[{"embeddable":true,"href":"https:\/\/www.nemus.pt\/pt\/wp-json\/wp\/v2\/users\/3"}],"replies":[{"embeddable":true,"href":"https:\/\/www.nemus.pt\/pt\/wp-json\/wp\/v2\/comments?post=5"}],"version-history":[{"count":0,"href":"https:\/\/www.nemus.pt\/pt\/wp-json\/wp\/v2\/pages\/5\/revisions"}],"wp:attachment":[{"href":"https:\/\/www.nemus.pt\/pt\/wp-json\/wp\/v2\/media?parent=5"}],"curies":[{"name":"wp","href":"https:\/\/api.w.org\/{rel}","templated":true}]}}