{"id":527,"date":"2014-03-13T15:31:45","date_gmt":"2014-03-13T15:31:45","guid":{"rendered":"http:\/\/www.nemus.pt\/?page_id=527"},"modified":"2016-02-24T15:07:20","modified_gmt":"2016-02-24T15:07:20","slug":"monitorizacao-ambiental-do-porto-do-canical","status":"publish","type":"page","link":"https:\/\/www.nemus.pt\/pt\/projetos\/areas-marinhas-e-costeiras\/monitorizacao-ambiental-do-porto-do-canical\/","title":{"rendered":"Monitoriza\u00e7\u00e3o ambiental nos portos da Madeira, Portugal"},"content":{"rendered":"<p>Para melhorar a operacionalidade e seguran\u00e7a das embarca\u00e7\u00f5es no Terminal Mar\u00edtimo do Cani\u00e7al foram realizadas obras de expans\u00e3o contemplando o prolongamento do molhe exterior, a melhoria da estrada de acesso e a realiza\u00e7\u00e3o de terraplenos.<\/p>\n<p>Neste projeto, a Nemus avaliou os <b>impactes da expans\u00e3o <\/b>e a <b>efic\u00e1cia das medidas <\/b>de minimiza\u00e7\u00e3o executadas, atrav\u00e9s da verifica\u00e7\u00e3o da qualidade da \u00e1gua, dos sedimentos, dos ecossistemas aqu\u00e1ticos e do ru\u00eddo.<\/p>\n<p>Ap\u00f3s a obra, a Nemus verificou o cumprimento das condi\u00e7\u00f5es impostas pelos procedimentos de avalia\u00e7\u00e3o de impacte ambiental e reavaliou os efeitos decorrentes da expans\u00e3o do porto: foram realizadas <b>recolhas e an\u00e1lises de amostras de \u00e1gua, sedimentos e elementos da flora e fauna aqu\u00e1ticas<\/b>, al\u00e9m de <b>medi\u00e7\u00f5es dos n\u00edveis sonoros <\/b>e de <b>censos visuais dos habitats aqu\u00e1ticos<\/b>, nas fases de constru\u00e7\u00e3o e explora\u00e7\u00e3o do projeto.<\/p>\n<p>O portf\u00f3lio da Nemus inclui j\u00e1 perto de uma dezena de trabalhos nos portos da Madeira, entre estudos de impacte ambiental, auditorias ambientais, planos de gest\u00e3o de res\u00edduos e diversas monitoriza\u00e7\u00f5es.<\/p>","protected":false},"excerpt":{"rendered":"<p>Para melhorar a operacionalidade e seguran\u00e7a das embarca\u00e7\u00f5es no Terminal Mar\u00edtimo do Cani\u00e7al foram realizadas obras de expans\u00e3o contemplando o prolongamento do molhe exterior, a melhoria da estrada de acesso e a realiza\u00e7\u00e3o de terraplenos. Neste projeto, a Nemus avaliou &#8230;<\/p>\n","protected":false},"author":3,"featured_media":635,"parent":164,"menu_order":4,"comment_status":"open","ping_status":"open","template":"","meta":{"_acf_changed":false,"footnotes":""},"class_list":["post-527","page","type-page","status-publish","has-post-thumbnail","hentry"],"acf":[],"_links":{"self":[{"href":"https:\/\/www.nemus.pt\/pt\/wp-json\/wp\/v2\/pages\/527","targetHints":{"allow":["GET"]}}],"collection":[{"href":"https:\/\/www.nemus.pt\/pt\/wp-json\/wp\/v2\/pages"}],"about":[{"href":"https:\/\/www.nemus.pt\/pt\/wp-json\/wp\/v2\/types\/page"}],"author":[{"embeddable":true,"href":"https:\/\/www.nemus.pt\/pt\/wp-json\/wp\/v2\/users\/3"}],"replies":[{"embeddable":true,"href":"https:\/\/www.nemus.pt\/pt\/wp-json\/wp\/v2\/comments?post=527"}],"version-history":[{"count":0,"href":"https:\/\/www.nemus.pt\/pt\/wp-json\/wp\/v2\/pages\/527\/revisions"}],"up":[{"embeddable":true,"href":"https:\/\/www.nemus.pt\/pt\/wp-json\/wp\/v2\/pages\/164"}],"wp:featuredmedia":[{"embeddable":true,"href":"https:\/\/www.nemus.pt\/pt\/wp-json\/wp\/v2\/media\/635"}],"wp:attachment":[{"href":"https:\/\/www.nemus.pt\/pt\/wp-json\/wp\/v2\/media?parent=527"}],"curies":[{"name":"wp","href":"https:\/\/api.w.org\/{rel}","templated":true}]}}