{"id":538,"date":"2014-03-13T16:14:16","date_gmt":"2014-03-13T16:14:16","guid":{"rendered":"http:\/\/www.nemus.pt\/?page_id=538"},"modified":"2014-11-19T17:31:10","modified_gmt":"2014-11-19T17:31:10","slug":"gestao-das-bacias-hidrograficas-do-alentejo-algarve-e-madeira","status":"publish","type":"page","link":"https:\/\/www.nemus.pt\/pt\/projetos\/agua\/gestao-das-bacias-hidrograficas-do-alentejo-algarve-e-madeira\/","title":{"rendered":"Gest\u00e3o das bacias hidrogr\u00e1ficas do Alentejo, Algarve e Madeira &#8211; Portugal"},"content":{"rendered":"<p>A Nemus liderou os cons\u00f3rcios respons\u00e1veis pela elabora\u00e7\u00e3o dos planos de gest\u00e3o das bacias hidrogr\u00e1ficas do sul de Portugal e do arquip\u00e9lago da Madeira.<\/p>\n<p>Estes instrumentos de planeamento das \u00e1guas visam a gest\u00e3o, prote\u00e7\u00e3o e valoriza\u00e7\u00e3o ambiental, social e econ\u00f3mica das bacias hidrogr\u00e1ficas dos rios Sado, Mira, Guadiana e das ribeiras do Algarve e da Madeira. A sua elabora\u00e7\u00e3o decorre da diretiva-quadro da \u00e1gua, que preconiza o bom estado das massas de \u00e1gua atrav\u00e9s de uma abordagem integrada de prote\u00e7\u00e3o e gest\u00e3o que promova o envolvimento da popula\u00e7\u00e3o nas v\u00e1rias etapas do ciclo de planeamento das \u00e1guas.<\/p>\n<p>Os trabalhos realizados pela Nemus envolveram a carateriza\u00e7\u00e3o e diagn\u00f3stico das massas de \u00e1gua superficiais e subterr\u00e2neas, a avalia\u00e7\u00e3o econ\u00f3mica das utiliza\u00e7\u00f5es da \u00e1gua, a formula\u00e7\u00e3o de cen\u00e1rios prospetivos, o estabelecimento de objetivos ambientais por massa de \u00e1gua, a proposta de programas de medidas, com a respetiva an\u00e1lise custo-efic\u00e1cia e o desenvolvimento de sistemas de promo\u00e7\u00e3o, acompanhamento e avalia\u00e7\u00e3o da execu\u00e7\u00e3o dos planos, suportados por sistemas de indicadores, aplica\u00e7\u00f5es websig e bases de dados geogr\u00e1ficos.<\/p>","protected":false},"excerpt":{"rendered":"<p>A Nemus liderou os cons\u00f3rcios respons\u00e1veis pela elabora\u00e7\u00e3o dos planos de gest\u00e3o das bacias hidrogr\u00e1ficas do sul de Portugal e do arquip\u00e9lago da Madeira. Estes instrumentos de planeamento das \u00e1guas visam a gest\u00e3o, prote\u00e7\u00e3o e valoriza\u00e7\u00e3o ambiental, social e econ\u00f3mica &#8230;<\/p>\n","protected":false},"author":3,"featured_media":639,"parent":166,"menu_order":5,"comment_status":"open","ping_status":"open","template":"","meta":{"_acf_changed":false,"footnotes":""},"class_list":["post-538","page","type-page","status-publish","has-post-thumbnail","hentry"],"acf":[],"_links":{"self":[{"href":"https:\/\/www.nemus.pt\/pt\/wp-json\/wp\/v2\/pages\/538","targetHints":{"allow":["GET"]}}],"collection":[{"href":"https:\/\/www.nemus.pt\/pt\/wp-json\/wp\/v2\/pages"}],"about":[{"href":"https:\/\/www.nemus.pt\/pt\/wp-json\/wp\/v2\/types\/page"}],"author":[{"embeddable":true,"href":"https:\/\/www.nemus.pt\/pt\/wp-json\/wp\/v2\/users\/3"}],"replies":[{"embeddable":true,"href":"https:\/\/www.nemus.pt\/pt\/wp-json\/wp\/v2\/comments?post=538"}],"version-history":[{"count":0,"href":"https:\/\/www.nemus.pt\/pt\/wp-json\/wp\/v2\/pages\/538\/revisions"}],"up":[{"embeddable":true,"href":"https:\/\/www.nemus.pt\/pt\/wp-json\/wp\/v2\/pages\/166"}],"wp:featuredmedia":[{"embeddable":true,"href":"https:\/\/www.nemus.pt\/pt\/wp-json\/wp\/v2\/media\/639"}],"wp:attachment":[{"href":"https:\/\/www.nemus.pt\/pt\/wp-json\/wp\/v2\/media?parent=538"}],"curies":[{"name":"wp","href":"https:\/\/api.w.org\/{rel}","templated":true}]}}