{"id":542,"date":"2014-03-13T16:18:36","date_gmt":"2014-03-13T16:18:36","guid":{"rendered":"http:\/\/www.nemus.pt\/?page_id=542"},"modified":"2014-10-30T10:51:21","modified_gmt":"2014-10-30T10:51:21","slug":"determinacao-de-caudais-ecologicos-de-barragens","status":"publish","type":"page","link":"https:\/\/www.nemus.pt\/pt\/projetos\/agua\/determinacao-de-caudais-ecologicos-de-barragens\/","title":{"rendered":"Determina\u00e7\u00e3o de caudais ecol\u00f3gicos de barragens, Portugal"},"content":{"rendered":"<p>Os estudos dos regimes de caudais ecol\u00f3gicos nas linhas de \u00e1gua a jusante das barragens de Vilar, Caldeir\u00e3o, A\u00e7ude de Trinta Fronhas e Raiva visaram determinar os caudais m\u00ednimos a manter nestes cursos de \u00e1gua para conservar e manter os ecossistemas aqu\u00e1ticos naturais, a produ\u00e7\u00e3o das esp\u00e9cies com interesse, os aspetos est\u00e9ticos da paisagem ou outros de interesse cient\u00edfico ou cultural.<\/p>\n<p>Os trabalhos compreenderam os levantamentos necess\u00e1rios ao conhecimento dos aproveitamentos hidroel\u00e9tricos e das carater\u00edsticas ecol\u00f3gicas dos tro\u00e7os a jusante, nomeadamente o regime h\u00eddrico das bacias e dos ecossistemas, a fiabilidade e as limita\u00e7\u00f5es dos m\u00e9todos aplicados, o dimensionamento das infraestruturas e as necessidades de \u00e1gua inerentes aos objetivos dos aproveitamentos.<\/p>\n<p>Na determina\u00e7\u00e3o dos regimes de caudais ecol\u00f3gicos s\u00e3o aplicados diversos m\u00e9todos e comparados os resultados obtidos, para definir o regime de caudais ecol\u00f3gicos mais adequado.<\/p>","protected":false},"excerpt":{"rendered":"<p>Os estudos dos regimes de caudais ecol\u00f3gicos nas linhas de \u00e1gua a jusante das barragens de Vilar, Caldeir\u00e3o, A\u00e7ude de Trinta Fronhas e Raiva visaram determinar os caudais m\u00ednimos a manter nestes cursos de \u00e1gua para conservar e manter os &#8230;<\/p>\n","protected":false},"author":3,"featured_media":2173,"parent":166,"menu_order":6,"comment_status":"open","ping_status":"open","template":"","meta":{"_acf_changed":false,"footnotes":""},"class_list":["post-542","page","type-page","status-publish","has-post-thumbnail","hentry"],"acf":[],"_links":{"self":[{"href":"https:\/\/www.nemus.pt\/pt\/wp-json\/wp\/v2\/pages\/542","targetHints":{"allow":["GET"]}}],"collection":[{"href":"https:\/\/www.nemus.pt\/pt\/wp-json\/wp\/v2\/pages"}],"about":[{"href":"https:\/\/www.nemus.pt\/pt\/wp-json\/wp\/v2\/types\/page"}],"author":[{"embeddable":true,"href":"https:\/\/www.nemus.pt\/pt\/wp-json\/wp\/v2\/users\/3"}],"replies":[{"embeddable":true,"href":"https:\/\/www.nemus.pt\/pt\/wp-json\/wp\/v2\/comments?post=542"}],"version-history":[{"count":0,"href":"https:\/\/www.nemus.pt\/pt\/wp-json\/wp\/v2\/pages\/542\/revisions"}],"up":[{"embeddable":true,"href":"https:\/\/www.nemus.pt\/pt\/wp-json\/wp\/v2\/pages\/166"}],"wp:featuredmedia":[{"embeddable":true,"href":"https:\/\/www.nemus.pt\/pt\/wp-json\/wp\/v2\/media\/2173"}],"wp:attachment":[{"href":"https:\/\/www.nemus.pt\/pt\/wp-json\/wp\/v2\/media?parent=542"}],"curies":[{"name":"wp","href":"https:\/\/api.w.org\/{rel}","templated":true}]}}