{"id":551,"date":"2014-03-13T16:26:16","date_gmt":"2014-03-13T16:26:16","guid":{"rendered":"http:\/\/www.nemus.pt\/?page_id=551"},"modified":"2020-05-14T10:13:21","modified_gmt":"2020-05-14T10:13:21","slug":"demarcacao-do-leito-e-margens-do-mar-do-litoral-norte-de-portugal","status":"publish","type":"page","link":"https:\/\/www.nemus.pt\/pt\/projetos\/alteracoes-climaticas\/demarcacao-do-leito-e-margens-do-mar-do-litoral-norte-de-portugal\/","title":{"rendered":"Demarca\u00e7\u00e3o do leito e margens do mar do Litoral Norte de Portugal"},"content":{"rendered":"<p>O projeto de demarca\u00e7\u00e3o do leito e da margem do mar do Litoral Norte de Portugal foi realizado ao abrigo de regulamenta\u00e7\u00e3o europeia e visou possibilitar a atualiza\u00e7\u00e3o do dom\u00ednio p\u00fablico mar\u00edtimo, bem como a concretiza\u00e7\u00e3o de opera\u00e7\u00f5es de requalifica\u00e7\u00e3o e valoriza\u00e7\u00e3o das zonas costeiras degradadas ou em risco.<\/p>\n<p>O trabalho desenvolvido compreendeu a faixa costeira dos concelhos de Caminha, Viana do Castelo e Esposende e recorreu a crit\u00e9rios combinados de oceanografia, geomorfologia e evolu\u00e7\u00e3o costeira e a um extenso trabalho de campo para o conhecimento detalhado da \u00e1rea e da sua afeta\u00e7\u00e3o por processos costeiros. Foi ainda feito o estudo da evolu\u00e7\u00e3o costeira recente, atrav\u00e9s da an\u00e1lise comparativa de fotografias a\u00e9reas, e a an\u00e1lise dos processos costeiros, nomeadamente o c\u00e1lculo de cotas m\u00e1ximas de espraiamento para condi\u00e7\u00f5es oceanogr\u00e1ficas espec\u00edficas.<\/p>","protected":false},"excerpt":{"rendered":"<p>O projeto de demarca\u00e7\u00e3o do leito e da margem do mar do Litoral Norte de Portugal foi realizado ao abrigo de regulamenta\u00e7\u00e3o europeia e visou possibilitar a atualiza\u00e7\u00e3o do dom\u00ednio p\u00fablico mar\u00edtimo, bem como a concretiza\u00e7\u00e3o de opera\u00e7\u00f5es de requalifica\u00e7\u00e3o &#8230;<\/p>\n","protected":false},"author":3,"featured_media":637,"parent":176,"menu_order":8,"comment_status":"open","ping_status":"open","template":"","meta":{"_acf_changed":false,"footnotes":""},"class_list":["post-551","page","type-page","status-publish","has-post-thumbnail","hentry"],"acf":[],"_links":{"self":[{"href":"https:\/\/www.nemus.pt\/pt\/wp-json\/wp\/v2\/pages\/551","targetHints":{"allow":["GET"]}}],"collection":[{"href":"https:\/\/www.nemus.pt\/pt\/wp-json\/wp\/v2\/pages"}],"about":[{"href":"https:\/\/www.nemus.pt\/pt\/wp-json\/wp\/v2\/types\/page"}],"author":[{"embeddable":true,"href":"https:\/\/www.nemus.pt\/pt\/wp-json\/wp\/v2\/users\/3"}],"replies":[{"embeddable":true,"href":"https:\/\/www.nemus.pt\/pt\/wp-json\/wp\/v2\/comments?post=551"}],"version-history":[{"count":0,"href":"https:\/\/www.nemus.pt\/pt\/wp-json\/wp\/v2\/pages\/551\/revisions"}],"up":[{"embeddable":true,"href":"https:\/\/www.nemus.pt\/pt\/wp-json\/wp\/v2\/pages\/176"}],"wp:featuredmedia":[{"embeddable":true,"href":"https:\/\/www.nemus.pt\/pt\/wp-json\/wp\/v2\/media\/637"}],"wp:attachment":[{"href":"https:\/\/www.nemus.pt\/pt\/wp-json\/wp\/v2\/media?parent=551"}],"curies":[{"name":"wp","href":"https:\/\/api.w.org\/{rel}","templated":true}]}}