{"id":561,"date":"2014-03-14T11:06:28","date_gmt":"2014-03-14T11:06:28","guid":{"rendered":"http:\/\/www.nemus.pt\/?page_id=561"},"modified":"2014-10-30T12:07:07","modified_gmt":"2014-10-30T12:07:07","slug":"zonamento-ecologico-da-regiao-de-maputo","status":"publish","type":"page","link":"https:\/\/www.nemus.pt\/pt\/projetos\/biodiversidade-e-conservacao-da-natureza\/zonamento-ecologico-da-regiao-de-maputo\/","title":{"rendered":"Zonamento ecol\u00f3gico da regi\u00e3o de Maputo, Mo\u00e7ambique"},"content":{"rendered":"<p><\/p>\n<p align=\"left\">A identifica\u00e7\u00e3o, zonamento e prote\u00e7\u00e3o das \u00e1reas ecologicamente sens\u00edveis da regi\u00e3o de Maputo foi o ponto de partida para a defini\u00e7\u00e3o de um plano de zonamento ecol\u00f3gico municipal. Pretendeu-se contrariar o processo de degrada\u00e7\u00e3o ambiental e contribuir para uma gest\u00e3o eficiente e integrada da din\u00e2mica urbana e ambiental, criando oportunidades de melhoria da qualidade urbana em conson\u00e2ncia com a prote\u00e7\u00e3o das \u00e1reas ambientalmente sens\u00edveis.<\/p>\n<p align=\"left\">O trabalho realizado pelo cons\u00f3rcio Nemus \/ BETA recorreu a ferramentas de sistemas de informa\u00e7\u00e3o geogr\u00e1fica e a trabalhos de campo para efetuar a carateriza\u00e7\u00e3o territorial e biof\u00edsica. Contemplou ainda o diagn\u00f3stico ambiental e a elabora\u00e7\u00e3o do plano de zonamento ecol\u00f3gico, a estrat\u00e9gia de prote\u00e7\u00e3o das \u00e1reas sens\u00edveis, o planeamento espacial e o plano de gest\u00e3o das \u00e1reas sens\u00edveis, a proposta de regulamenta\u00e7\u00e3o espec\u00edfica para disciplinar as interven\u00e7\u00f5es nestas zonas, a produ\u00e7\u00e3o de um manual e a organiza\u00e7\u00e3o de um curso de forma\u00e7\u00e3o orientado para a instala\u00e7\u00e3o das \u00e1reas sens\u00edveis e respetiva gest\u00e3o.<\/p>\n<p><\/p>","protected":false},"excerpt":{"rendered":"<p>A identifica\u00e7\u00e3o, zonamento e prote\u00e7\u00e3o das \u00e1reas ecologicamente sens\u00edveis da regi\u00e3o de Maputo foi o ponto de partida para a defini\u00e7\u00e3o de um plano de zonamento ecol\u00f3gico municipal. Pretendeu-se contrariar o processo de degrada\u00e7\u00e3o ambiental e contribuir para uma gest\u00e3o &#8230;<\/p>\n","protected":false},"author":3,"featured_media":2183,"parent":167,"menu_order":2,"comment_status":"open","ping_status":"closed","template":"","meta":{"_acf_changed":false,"footnotes":""},"class_list":["post-561","page","type-page","status-publish","has-post-thumbnail","hentry"],"acf":[],"_links":{"self":[{"href":"https:\/\/www.nemus.pt\/pt\/wp-json\/wp\/v2\/pages\/561","targetHints":{"allow":["GET"]}}],"collection":[{"href":"https:\/\/www.nemus.pt\/pt\/wp-json\/wp\/v2\/pages"}],"about":[{"href":"https:\/\/www.nemus.pt\/pt\/wp-json\/wp\/v2\/types\/page"}],"author":[{"embeddable":true,"href":"https:\/\/www.nemus.pt\/pt\/wp-json\/wp\/v2\/users\/3"}],"replies":[{"embeddable":true,"href":"https:\/\/www.nemus.pt\/pt\/wp-json\/wp\/v2\/comments?post=561"}],"version-history":[{"count":0,"href":"https:\/\/www.nemus.pt\/pt\/wp-json\/wp\/v2\/pages\/561\/revisions"}],"up":[{"embeddable":true,"href":"https:\/\/www.nemus.pt\/pt\/wp-json\/wp\/v2\/pages\/167"}],"wp:featuredmedia":[{"embeddable":true,"href":"https:\/\/www.nemus.pt\/pt\/wp-json\/wp\/v2\/media\/2183"}],"wp:attachment":[{"href":"https:\/\/www.nemus.pt\/pt\/wp-json\/wp\/v2\/media?parent=561"}],"curies":[{"name":"wp","href":"https:\/\/api.w.org\/{rel}","templated":true}]}}