{"id":564,"date":"2014-03-14T11:15:28","date_gmt":"2014-03-14T11:15:28","guid":{"rendered":"http:\/\/www.nemus.pt\/?page_id=564"},"modified":"2014-10-30T11:58:59","modified_gmt":"2014-10-30T11:58:59","slug":"qualidade-ecologica-de-linhas-de-agua-do-subsistema-ardila","status":"publish","type":"page","link":"https:\/\/www.nemus.pt\/pt\/projetos\/biodiversidade-e-conservacao-da-natureza\/qualidade-ecologica-de-linhas-de-agua-do-subsistema-ardila\/","title":{"rendered":"Qualidade ecol\u00f3gica de linhas de \u00e1gua do subsistema Ardila, Portugal"},"content":{"rendered":"<p><\/p>\n<p align=\"left\">A monitoriza\u00e7\u00e3o da qualidade ecol\u00f3gica das linhas de \u00e1gua a jusante das barragens do subsistema Ardila pretendeu estabelecer a situa\u00e7\u00e3o de refer\u00eancia dos ecossistemas aqu\u00e1ticos a jusante destas barragens, para ajudar a definir o seu bom potencial ecol\u00f3gico e recolher elementos de base para a defini\u00e7\u00e3o do regime de caudais de manuten\u00e7\u00e3o ecol\u00f3gica.<\/p>\n<p align=\"left\">O trabalho envolveu cinco das oito barragens do subsistema e o estudo de sete componentes: topografia, qualidade da \u00e1gua, hidromorfologia, fitobentos, flora e vegeta\u00e7\u00e3o, invertebrados bent\u00f3nicos e ictiofauna. Seguindo as metodologias padronizadas da diretiva-quadro da \u00e1gua, incluiu levantamentos de campo, a realiza\u00e7\u00e3o de perfis topogr\u00e1ficos, medi\u00e7\u00f5es, a recolha de amostras para an\u00e1lise laboratorial e a amostragem das comunidades pisc\u00edcolas recorrendo a pesca el\u00e9trica.<\/p>\n<p align=\"left\">Este foi o primeiro de um conjunto de estudos efetuados pela Nemus para esta entidade em diversas linhas de \u00e1gua e blocos de rega ao longo dos anos seguintes.<\/p>\n<p><\/p>","protected":false},"excerpt":{"rendered":"<p>A monitoriza\u00e7\u00e3o da qualidade ecol\u00f3gica das linhas de \u00e1gua a jusante das barragens do subsistema Ardila pretendeu estabelecer a situa\u00e7\u00e3o de refer\u00eancia dos ecossistemas aqu\u00e1ticos a jusante destas barragens, para ajudar a definir o seu bom potencial ecol\u00f3gico e recolher &#8230;<\/p>\n","protected":false},"author":3,"featured_media":2182,"parent":167,"menu_order":1,"comment_status":"open","ping_status":"closed","template":"","meta":{"_acf_changed":false,"footnotes":""},"class_list":["post-564","page","type-page","status-publish","has-post-thumbnail","hentry"],"acf":[],"_links":{"self":[{"href":"https:\/\/www.nemus.pt\/pt\/wp-json\/wp\/v2\/pages\/564","targetHints":{"allow":["GET"]}}],"collection":[{"href":"https:\/\/www.nemus.pt\/pt\/wp-json\/wp\/v2\/pages"}],"about":[{"href":"https:\/\/www.nemus.pt\/pt\/wp-json\/wp\/v2\/types\/page"}],"author":[{"embeddable":true,"href":"https:\/\/www.nemus.pt\/pt\/wp-json\/wp\/v2\/users\/3"}],"replies":[{"embeddable":true,"href":"https:\/\/www.nemus.pt\/pt\/wp-json\/wp\/v2\/comments?post=564"}],"version-history":[{"count":0,"href":"https:\/\/www.nemus.pt\/pt\/wp-json\/wp\/v2\/pages\/564\/revisions"}],"up":[{"embeddable":true,"href":"https:\/\/www.nemus.pt\/pt\/wp-json\/wp\/v2\/pages\/167"}],"wp:featuredmedia":[{"embeddable":true,"href":"https:\/\/www.nemus.pt\/pt\/wp-json\/wp\/v2\/media\/2182"}],"wp:attachment":[{"href":"https:\/\/www.nemus.pt\/pt\/wp-json\/wp\/v2\/media?parent=564"}],"curies":[{"name":"wp","href":"https:\/\/api.w.org\/{rel}","templated":true}]}}