{"id":567,"date":"2014-03-14T11:20:40","date_gmt":"2014-03-14T11:20:40","guid":{"rendered":"http:\/\/www.nemus.pt\/?page_id=567"},"modified":"2014-10-28T23:58:41","modified_gmt":"2014-10-28T23:58:41","slug":"estudo-de-biodiversidade-na-lagoa-da-sancha","status":"publish","type":"page","link":"https:\/\/www.nemus.pt\/pt\/projetos\/biodiversidade-e-conservacao-da-natureza\/estudo-de-biodiversidade-na-lagoa-da-sancha\/","title":{"rendered":"Estudo de biodiversidade na lagoa da Sancha, Portugal"},"content":{"rendered":"<p><\/p>\n<p align=\"left\">A necessidade de definir medidas para a requalifica\u00e7\u00e3o da lagoa de Sancha, no \u00e2mbito das opera\u00e7\u00f5es de recupera\u00e7\u00e3o de \u00e1reas naturais litorais degradadas e\/ou em risco, exigiu a realiza\u00e7\u00e3o de um estudo de carateriza\u00e7\u00e3o da qualidade ecol\u00f3gica, geol\u00f3gica e paisag\u00edstica da zona, que foi adjudicado \u00e0 Nemus pela entidade respons\u00e1vel pela requalifica\u00e7\u00e3o e valoriza\u00e7\u00e3o das \u00e1reas do Sudoeste Alentejano e Costa Vicentina.<\/p>\n<p align=\"left\">O estudo incidiu sobre as componentes de ecologia, geologia e paisagem. Os trabalhos conduzidos pela Nemus envolveram a recolha, an\u00e1lise e interpreta\u00e7\u00e3o de informa\u00e7\u00e3o bibliogr\u00e1fica e cartogr\u00e1fica, levantamentos de campo, medi\u00e7\u00f5es <i>in situ<\/i>, recolha de amostras das comunidades biol\u00f3gicas, de \u00e1gua e sedimentos para an\u00e1lise laboratorial, a carateriza\u00e7\u00e3o e diagn\u00f3stico da situa\u00e7\u00e3o atual nas componentes analisadas e a recomenda\u00e7\u00e3o de medidas de gest\u00e3o.<\/p>\n<p><\/p>","protected":false},"excerpt":{"rendered":"<p>A necessidade de definir medidas para a requalifica\u00e7\u00e3o da lagoa de Sancha, no \u00e2mbito das opera\u00e7\u00f5es de recupera\u00e7\u00e3o de \u00e1reas naturais litorais degradadas e\/ou em risco, exigiu a realiza\u00e7\u00e3o de um estudo de carateriza\u00e7\u00e3o da qualidade ecol\u00f3gica, geol\u00f3gica e paisag\u00edstica &#8230;<\/p>\n","protected":false},"author":3,"featured_media":648,"parent":167,"menu_order":3,"comment_status":"open","ping_status":"closed","template":"","meta":{"_acf_changed":false,"footnotes":""},"class_list":["post-567","page","type-page","status-publish","has-post-thumbnail","hentry"],"acf":[],"_links":{"self":[{"href":"https:\/\/www.nemus.pt\/pt\/wp-json\/wp\/v2\/pages\/567","targetHints":{"allow":["GET"]}}],"collection":[{"href":"https:\/\/www.nemus.pt\/pt\/wp-json\/wp\/v2\/pages"}],"about":[{"href":"https:\/\/www.nemus.pt\/pt\/wp-json\/wp\/v2\/types\/page"}],"author":[{"embeddable":true,"href":"https:\/\/www.nemus.pt\/pt\/wp-json\/wp\/v2\/users\/3"}],"replies":[{"embeddable":true,"href":"https:\/\/www.nemus.pt\/pt\/wp-json\/wp\/v2\/comments?post=567"}],"version-history":[{"count":0,"href":"https:\/\/www.nemus.pt\/pt\/wp-json\/wp\/v2\/pages\/567\/revisions"}],"up":[{"embeddable":true,"href":"https:\/\/www.nemus.pt\/pt\/wp-json\/wp\/v2\/pages\/167"}],"wp:featuredmedia":[{"embeddable":true,"href":"https:\/\/www.nemus.pt\/pt\/wp-json\/wp\/v2\/media\/648"}],"wp:attachment":[{"href":"https:\/\/www.nemus.pt\/pt\/wp-json\/wp\/v2\/media?parent=567"}],"curies":[{"name":"wp","href":"https:\/\/api.w.org\/{rel}","templated":true}]}}