{"id":571,"date":"2014-03-14T11:24:31","date_gmt":"2014-03-14T11:24:31","guid":{"rendered":"http:\/\/www.nemus.pt\/?page_id=571"},"modified":"2014-10-30T12:09:37","modified_gmt":"2014-10-30T12:09:37","slug":"impacte-da-alimentacao-artificial-da-praia-de-vale-de-lobo","status":"publish","type":"page","link":"https:\/\/www.nemus.pt\/pt\/projetos\/biodiversidade-e-conservacao-da-natureza\/impacte-da-alimentacao-artificial-da-praia-de-vale-de-lobo\/","title":{"rendered":"Impacte da alimenta\u00e7\u00e3o artificial da praia de Vale de Lobo, Portugal"},"content":{"rendered":"<p><\/p>\n<p align=\"left\">Integrado no projeto de alimenta\u00e7\u00e3o artificial da praia de Vale de Lobo, este estudo pretendeu caracterizar as comunidades de bivalves presentes na mancha de origem das areias e avaliar potenciais impactes sobre a atividade comercial da pesca com ganchorra, uma arte de arrasto utilizada na costa ao largo de Vale de Lobo.<\/p>\n<p align=\"left\">O trabalho envolveu a amostragem de sedimentos recorrendo a mergulho com escafandro aut\u00f3nomo a partir de embarca\u00e7\u00e3o, seguida da identifica\u00e7\u00e3o da macrofauna bent\u00f3nica em laborat\u00f3rio.<\/p>\n<p align=\"left\">Foi analisada a incid\u00eancia de impactes sobre as comunidades de bivalves e restantes grupos da macrofauna bent\u00f3nica presentes na mancha de areias, os quais, al\u00e9m do valor ecol\u00f3gico e conservacionista, apresentam tamb\u00e9m uma consider\u00e1vel import\u00e2ncia econ\u00f3mica no Algarve. Os resultados foram tamb\u00e9m apreciados \u00e0 luz de estudos anteriores realizados pela Nemus nas areias grosseiras infralitorais da costa algarvia e de comunica\u00e7\u00f5es verbais de t\u00e9cnicos locais.<\/p>\n<p><\/p>","protected":false},"excerpt":{"rendered":"<p>Integrado no projeto de alimenta\u00e7\u00e3o artificial da praia de Vale de Lobo, este estudo pretendeu caracterizar as comunidades de bivalves presentes na mancha de origem das areias e avaliar potenciais impactes sobre a atividade comercial da pesca com ganchorra, uma &#8230;<\/p>\n","protected":false},"author":3,"featured_media":2184,"parent":167,"menu_order":4,"comment_status":"open","ping_status":"closed","template":"","meta":{"_acf_changed":false,"footnotes":""},"class_list":["post-571","page","type-page","status-publish","has-post-thumbnail","hentry"],"acf":[],"_links":{"self":[{"href":"https:\/\/www.nemus.pt\/pt\/wp-json\/wp\/v2\/pages\/571","targetHints":{"allow":["GET"]}}],"collection":[{"href":"https:\/\/www.nemus.pt\/pt\/wp-json\/wp\/v2\/pages"}],"about":[{"href":"https:\/\/www.nemus.pt\/pt\/wp-json\/wp\/v2\/types\/page"}],"author":[{"embeddable":true,"href":"https:\/\/www.nemus.pt\/pt\/wp-json\/wp\/v2\/users\/3"}],"replies":[{"embeddable":true,"href":"https:\/\/www.nemus.pt\/pt\/wp-json\/wp\/v2\/comments?post=571"}],"version-history":[{"count":0,"href":"https:\/\/www.nemus.pt\/pt\/wp-json\/wp\/v2\/pages\/571\/revisions"}],"up":[{"embeddable":true,"href":"https:\/\/www.nemus.pt\/pt\/wp-json\/wp\/v2\/pages\/167"}],"wp:featuredmedia":[{"embeddable":true,"href":"https:\/\/www.nemus.pt\/pt\/wp-json\/wp\/v2\/media\/2184"}],"wp:attachment":[{"href":"https:\/\/www.nemus.pt\/pt\/wp-json\/wp\/v2\/media?parent=571"}],"curies":[{"name":"wp","href":"https:\/\/api.w.org\/{rel}","templated":true}]}}