{"id":574,"date":"2014-03-14T11:26:39","date_gmt":"2014-03-14T11:26:39","guid":{"rendered":"http:\/\/www.nemus.pt\/?page_id=574"},"modified":"2018-11-07T13:17:32","modified_gmt":"2018-11-07T13:17:32","slug":"monitorizacao-e-gestao-das-especies-invasoras-no-alqueva","status":"publish","type":"page","link":"https:\/\/www.nemus.pt\/pt\/projetos\/biodiversidade-e-conservacao-da-natureza\/monitorizacao-e-gestao-das-especies-invasoras-no-alqueva\/","title":{"rendered":"Monitoriza\u00e7\u00e3o e gest\u00e3o das esp\u00e9cies invasoras no Alqueva, Portugal"},"content":{"rendered":"<p><\/p>\n<p align=\"left\">Localizado na linha de fronteira com Espanha, o Empreendimento de Fins M\u00faltiplos de Alqueva (EFMA) \u00e9 um sistema aberto que recebe \u00e1gua das bacias hidrogr\u00e1ficas do Guadiana (a maior parte) e Sado. \u00c9 constitu\u00eddo por infraestruturas de armazenamento (albufeiras e reservat\u00f3rios) e sistemas de transporte (essencialmente canais e condutas).<\/p>\n<p align=\"left\">Com uma \u00e1rea de influ\u00eancia muito extensa, todo o sistema do EFMA est\u00e1 sujeito a press\u00f5es ambientais de diversas origens, que t\u00eam que ser monitorizadas e acompanhadas para garantir a durabilidade e sustentabilidade da rede.<\/p>\n<p align=\"left\">\u00c9 nesse \u00e2mbito que surge o plano de monitoriza\u00e7\u00e3o e gest\u00e3o de esp\u00e9cies invasoras na \u00e1rea de influ\u00eancia de Alqueva, j\u00e1 que a presen\u00e7a de esp\u00e9cies ex\u00f3ticas com potencial invasor (em particular as aqu\u00e1ticas) constitui uma das principais amea\u00e7as ao transporte e armazenamento de \u00e1gua. A \u00e1rea de estudo definida resulta da identifica\u00e7\u00e3o de pontos-chave de potencial entrada e expans\u00e3o de esp\u00e9cies invasoras.<\/p>\n<p><\/p>","protected":false},"excerpt":{"rendered":"<p>Localizado na linha de fronteira com Espanha, o Empreendimento de Fins M\u00faltiplos de Alqueva (EFMA) \u00e9 um sistema aberto que recebe \u00e1gua das bacias hidrogr\u00e1ficas do Guadiana (a maior parte) e Sado. \u00c9 constitu\u00eddo por infraestruturas de armazenamento (albufeiras e &#8230;<\/p>\n","protected":false},"author":3,"featured_media":2187,"parent":167,"menu_order":5,"comment_status":"open","ping_status":"closed","template":"","meta":{"_acf_changed":false,"footnotes":""},"class_list":["post-574","page","type-page","status-publish","has-post-thumbnail","hentry"],"acf":[],"_links":{"self":[{"href":"https:\/\/www.nemus.pt\/pt\/wp-json\/wp\/v2\/pages\/574","targetHints":{"allow":["GET"]}}],"collection":[{"href":"https:\/\/www.nemus.pt\/pt\/wp-json\/wp\/v2\/pages"}],"about":[{"href":"https:\/\/www.nemus.pt\/pt\/wp-json\/wp\/v2\/types\/page"}],"author":[{"embeddable":true,"href":"https:\/\/www.nemus.pt\/pt\/wp-json\/wp\/v2\/users\/3"}],"replies":[{"embeddable":true,"href":"https:\/\/www.nemus.pt\/pt\/wp-json\/wp\/v2\/comments?post=574"}],"version-history":[{"count":0,"href":"https:\/\/www.nemus.pt\/pt\/wp-json\/wp\/v2\/pages\/574\/revisions"}],"up":[{"embeddable":true,"href":"https:\/\/www.nemus.pt\/pt\/wp-json\/wp\/v2\/pages\/167"}],"wp:featuredmedia":[{"embeddable":true,"href":"https:\/\/www.nemus.pt\/pt\/wp-json\/wp\/v2\/media\/2187"}],"wp:attachment":[{"href":"https:\/\/www.nemus.pt\/pt\/wp-json\/wp\/v2\/media?parent=574"}],"curies":[{"name":"wp","href":"https:\/\/api.w.org\/{rel}","templated":true}]}}