{"id":584,"date":"2014-03-14T11:36:19","date_gmt":"2014-03-14T11:36:19","guid":{"rendered":"http:\/\/www.nemus.pt\/?page_id=584"},"modified":"2014-11-03T19:28:16","modified_gmt":"2014-11-03T19:28:16","slug":"valorizacao-da-ribeira-de-quarteira-e-da-varzea-de-paderne","status":"publish","type":"page","link":"https:\/\/www.nemus.pt\/pt\/projetos\/reabilitacao-ambiental\/valorizacao-da-ribeira-de-quarteira-e-da-varzea-de-paderne\/","title":{"rendered":"Valoriza\u00e7\u00e3o da ribeira de Quarteira e da v\u00e1rzea de Paderne, Portugal"},"content":{"rendered":"<p><\/p>\n<p align=\"left\">Privilegiando a qualidade dos ecossistemas presentes numa \u00e1rea sens\u00edvel do ponto de vista ecol\u00f3gico, o trabalho teve como principal objetivo beneficiar e valorizar o territ\u00f3rio de modo a compensar os impactes decorrentes da constru\u00e7\u00e3o de uma autoestrada.<\/p>\n<p align=\"left\">Al\u00e9m dos necess\u00e1rios estudos de especialidade, o projeto contemplou tr\u00eas interven\u00e7\u00f5es: a constitui\u00e7\u00e3o de um percurso rural interpretativo na v\u00e1rzea de Paderne, com recupera\u00e7\u00e3o de caminhos, conce\u00e7\u00e3o de material did\u00e1tico, sinal\u00e9tica e equipamentos de apoio; a reabilita\u00e7\u00e3o e valoriza\u00e7\u00e3o do patrim\u00f3nio hidr\u00e1ulico com interven\u00e7\u00f5es nas estruturas hidr\u00e1ulicas e muros; e a elabora\u00e7\u00e3o de um modelo de gest\u00e3o da \u00e1rea com vista \u00e0 manuten\u00e7\u00e3o, conserva\u00e7\u00e3o e valoriza\u00e7\u00e3o dos habitats presentes nas ribeiras, no qual se destacam as atividades de limpeza e desobstru\u00e7\u00e3o do leito e das margens ribeirinhas.<\/p>\n<p><\/p>","protected":false},"excerpt":{"rendered":"<p>Privilegiando a qualidade dos ecossistemas presentes numa \u00e1rea sens\u00edvel do ponto de vista ecol\u00f3gico, o trabalho teve como principal objetivo beneficiar e valorizar o territ\u00f3rio de modo a compensar os impactes decorrentes da constru\u00e7\u00e3o de uma autoestrada. Al\u00e9m dos necess\u00e1rios &#8230;<\/p>\n","protected":false},"author":3,"featured_media":2203,"parent":170,"menu_order":3,"comment_status":"open","ping_status":"closed","template":"","meta":{"_acf_changed":false,"footnotes":""},"class_list":["post-584","page","type-page","status-publish","has-post-thumbnail","hentry"],"acf":[],"_links":{"self":[{"href":"https:\/\/www.nemus.pt\/pt\/wp-json\/wp\/v2\/pages\/584","targetHints":{"allow":["GET"]}}],"collection":[{"href":"https:\/\/www.nemus.pt\/pt\/wp-json\/wp\/v2\/pages"}],"about":[{"href":"https:\/\/www.nemus.pt\/pt\/wp-json\/wp\/v2\/types\/page"}],"author":[{"embeddable":true,"href":"https:\/\/www.nemus.pt\/pt\/wp-json\/wp\/v2\/users\/3"}],"replies":[{"embeddable":true,"href":"https:\/\/www.nemus.pt\/pt\/wp-json\/wp\/v2\/comments?post=584"}],"version-history":[{"count":0,"href":"https:\/\/www.nemus.pt\/pt\/wp-json\/wp\/v2\/pages\/584\/revisions"}],"up":[{"embeddable":true,"href":"https:\/\/www.nemus.pt\/pt\/wp-json\/wp\/v2\/pages\/170"}],"wp:featuredmedia":[{"embeddable":true,"href":"https:\/\/www.nemus.pt\/pt\/wp-json\/wp\/v2\/media\/2203"}],"wp:attachment":[{"href":"https:\/\/www.nemus.pt\/pt\/wp-json\/wp\/v2\/media?parent=584"}],"curies":[{"name":"wp","href":"https:\/\/api.w.org\/{rel}","templated":true}]}}