{"id":593,"date":"2014-03-14T12:15:56","date_gmt":"2014-03-14T12:15:56","guid":{"rendered":"http:\/\/www.nemus.pt\/?page_id=593"},"modified":"2014-11-03T19:28:59","modified_gmt":"2014-11-03T19:28:59","slug":"recuperacao-das-praias-da-maluada-e-da-calheta-de-s-martinho","status":"publish","type":"page","link":"https:\/\/www.nemus.pt\/pt\/projetos\/reabilitacao-ambiental\/recuperacao-das-praias-da-maluada-e-da-calheta-de-s-martinho\/","title":{"rendered":"Recupera\u00e7\u00e3o das praias da Maluada e da calheta de S. Martinho, Cabo Verde"},"content":{"rendered":"<p><\/p>\n<p align=\"left\">O projeto de recupera\u00e7\u00e3o ambiental da Nemus para as praias da Maluada e da calheta de S. Martinho teve como objetivo recuperar as paisagens litorais, muito degradadas pelos in\u00fameros pontos de extra\u00e7\u00e3o de areias e, simultaneamente, criar condi\u00e7\u00f5es de suporte \u00e0s atividades de lazer e recreio a instalar na orla costeira.<\/p>\n<p align=\"left\">Entre outras a\u00e7\u00f5es, foram realizados a alimenta\u00e7\u00e3o artificial das praias para repor parte dos sedimentos retirados nos \u00faltimos 25 anos, o tratamento das ribeiras com reperfilamento e estabiliza\u00e7\u00e3o das margens, a recupera\u00e7\u00e3o da antepraia e zonas adjacentes para delimitar o areal e minimizar os problemas de eros\u00e3o e\u00f3lica e h\u00eddrica e a recupera\u00e7\u00e3o paisag\u00edstica de toda a \u00e1rea de praia e respetivos acessos.<\/p>\n<p align=\"left\">Este projeto de recupera\u00e7\u00e3o ambiental da costa sul da ilha de Santiago integra-se no desenvolvimento de um dos maiores empreendimentos tur\u00edsticos do arquip\u00e9lago de Cabo Verde.<\/p>\n<p><\/p>","protected":false},"excerpt":{"rendered":"<p>O projeto de recupera\u00e7\u00e3o ambiental da Nemus para as praias da Maluada e da calheta de S. Martinho teve como objetivo recuperar as paisagens litorais, muito degradadas pelos in\u00fameros pontos de extra\u00e7\u00e3o de areias e, simultaneamente, criar condi\u00e7\u00f5es de suporte &#8230;<\/p>\n","protected":false},"author":3,"featured_media":2204,"parent":170,"menu_order":4,"comment_status":"open","ping_status":"closed","template":"","meta":{"_acf_changed":false,"footnotes":""},"class_list":["post-593","page","type-page","status-publish","has-post-thumbnail","hentry"],"acf":[],"_links":{"self":[{"href":"https:\/\/www.nemus.pt\/pt\/wp-json\/wp\/v2\/pages\/593","targetHints":{"allow":["GET"]}}],"collection":[{"href":"https:\/\/www.nemus.pt\/pt\/wp-json\/wp\/v2\/pages"}],"about":[{"href":"https:\/\/www.nemus.pt\/pt\/wp-json\/wp\/v2\/types\/page"}],"author":[{"embeddable":true,"href":"https:\/\/www.nemus.pt\/pt\/wp-json\/wp\/v2\/users\/3"}],"replies":[{"embeddable":true,"href":"https:\/\/www.nemus.pt\/pt\/wp-json\/wp\/v2\/comments?post=593"}],"version-history":[{"count":0,"href":"https:\/\/www.nemus.pt\/pt\/wp-json\/wp\/v2\/pages\/593\/revisions"}],"up":[{"embeddable":true,"href":"https:\/\/www.nemus.pt\/pt\/wp-json\/wp\/v2\/pages\/170"}],"wp:featuredmedia":[{"embeddable":true,"href":"https:\/\/www.nemus.pt\/pt\/wp-json\/wp\/v2\/media\/2204"}],"wp:attachment":[{"href":"https:\/\/www.nemus.pt\/pt\/wp-json\/wp\/v2\/media?parent=593"}],"curies":[{"name":"wp","href":"https:\/\/api.w.org\/{rel}","templated":true}]}}