{"id":596,"date":"2014-03-14T12:26:30","date_gmt":"2014-03-14T12:26:30","guid":{"rendered":"http:\/\/www.nemus.pt\/?page_id=596"},"modified":"2014-11-03T19:30:40","modified_gmt":"2014-11-03T19:30:40","slug":"recuperacao-das-dunas-da-amorosa","status":"publish","type":"page","link":"https:\/\/www.nemus.pt\/pt\/projetos\/reabilitacao-ambiental\/recuperacao-das-dunas-da-amorosa\/","title":{"rendered":"Recupera\u00e7\u00e3o das dunas da Amorosa, Portugal"},"content":{"rendered":"<p>Proteger a costa, recuperar a vegeta\u00e7\u00e3o costeira, requalificar os acessos e equipamentos e definir um sistema de sinaliza\u00e7\u00e3o e educa\u00e7\u00e3o ambiental foram os principais objetivos do trabalho solicitado \u00e0 Nemus no \u00e2mbito da requalifica\u00e7\u00e3o ambiental das dunas da Amorosa.<\/p>\n<p>As Dunas da Amorosa inserem-se num cord\u00e3o arenoso litoral com cerca de 3 km de extens\u00e3o, a sul de Viana do Castelo. \u00c9 um ecossistema costeiro de elevada import\u00e2ncia ecol\u00f3gica e paisag\u00edstica que est\u00e1 sujeito \u00e0s press\u00f5es da interven\u00e7\u00e3o humana numa zona utilizada para fins balneares e recreativos.<\/p>\n<p>Ao longo dos anos a Nemus tem realizado projetos semelhantes noutras regi\u00f5es de Portugal, como \u00e9 o caso do projeto de recupera\u00e7\u00e3o dunar do plano de praia de Med\u00e3o \/ Supertubos, em Peniche, executado em colabora\u00e7\u00e3o com a empresa de arquitetura paisagista Global para a Comiss\u00e3o de Coordena\u00e7\u00e3o de Lisboa e Vale do Tejo.<\/p>","protected":false},"excerpt":{"rendered":"<p>Proteger a costa, recuperar a vegeta\u00e7\u00e3o costeira, requalificar os acessos e equipamentos e definir um sistema de sinaliza\u00e7\u00e3o e educa\u00e7\u00e3o ambiental foram os principais objetivos do trabalho solicitado \u00e0 Nemus no \u00e2mbito da requalifica\u00e7\u00e3o ambiental das dunas da Amorosa. As &#8230;<\/p>\n","protected":false},"author":3,"featured_media":2205,"parent":170,"menu_order":5,"comment_status":"open","ping_status":"open","template":"","meta":{"_acf_changed":false,"footnotes":""},"class_list":["post-596","page","type-page","status-publish","has-post-thumbnail","hentry"],"acf":[],"_links":{"self":[{"href":"https:\/\/www.nemus.pt\/pt\/wp-json\/wp\/v2\/pages\/596","targetHints":{"allow":["GET"]}}],"collection":[{"href":"https:\/\/www.nemus.pt\/pt\/wp-json\/wp\/v2\/pages"}],"about":[{"href":"https:\/\/www.nemus.pt\/pt\/wp-json\/wp\/v2\/types\/page"}],"author":[{"embeddable":true,"href":"https:\/\/www.nemus.pt\/pt\/wp-json\/wp\/v2\/users\/3"}],"replies":[{"embeddable":true,"href":"https:\/\/www.nemus.pt\/pt\/wp-json\/wp\/v2\/comments?post=596"}],"version-history":[{"count":0,"href":"https:\/\/www.nemus.pt\/pt\/wp-json\/wp\/v2\/pages\/596\/revisions"}],"up":[{"embeddable":true,"href":"https:\/\/www.nemus.pt\/pt\/wp-json\/wp\/v2\/pages\/170"}],"wp:featuredmedia":[{"embeddable":true,"href":"https:\/\/www.nemus.pt\/pt\/wp-json\/wp\/v2\/media\/2205"}],"wp:attachment":[{"href":"https:\/\/www.nemus.pt\/pt\/wp-json\/wp\/v2\/media?parent=596"}],"curies":[{"name":"wp","href":"https:\/\/api.w.org\/{rel}","templated":true}]}}