{"id":599,"date":"2014-03-14T12:29:20","date_gmt":"2014-03-14T12:29:20","guid":{"rendered":"http:\/\/www.nemus.pt\/?page_id=599"},"modified":"2014-11-03T19:30:58","modified_gmt":"2014-11-03T19:30:58","slug":"requalificacao-de-estaleiro-de-desmantelamento-naval","status":"publish","type":"page","link":"https:\/\/www.nemus.pt\/pt\/projetos\/reabilitacao-ambiental\/requalificacao-de-estaleiro-de-desmantelamento-naval\/","title":{"rendered":"Requalifica\u00e7\u00e3o de estaleiro de desmantelamento naval, Portugal"},"content":{"rendered":"<p>Tendo como principal objetivo a requalifica\u00e7\u00e3o da \u00e1rea ocupada por uma unidade industrial de desmantelamento de navios em fim de vida que operava desde 1976 no Cais Novo de Alhos Vedros, este projeto pretendeu melhorar substancialmente as condi\u00e7\u00f5es de trabalho e compatibilizar a atividade com as normas ambientais aplic\u00e1veis \u00e0 envolvente sens\u00edvel do estu\u00e1rio do Tejo. A interven\u00e7\u00e3o sobre uma \u00e1rea de 3,2 hectares abrangeu, entre outras a\u00e7\u00f5es, a pavimenta\u00e7\u00e3o, ordenamento e drenagem pluvial das zonas de trabalho, a constru\u00e7\u00e3o de uma esta\u00e7\u00e3o de tratamento de \u00e1guas residuais e de \u00e1guas de lastro e a instala\u00e7\u00e3o de espa\u00e7os verdes e de enquadramento.<\/p>\n<p>No estudo, a Nemus considerou os descritores ecologia, qualidade da \u00e1gua, paisagem e socioeconomia como fatores cr\u00edticos, dado serem esses os mais afetados pelas condi\u00e7\u00f5es de opera\u00e7\u00e3o do estaleiro.<\/p>\n<p>Este trabalho viabilizou a atividade da \u00fanica instala\u00e7\u00e3o de Portugal capaz de desmantelar navios de grande porte e uma das poucas deste tipo na Europa. Com a montagem de um sistema eficaz de gest\u00e3o de res\u00edduos foi poss\u00edvel compatibilizar a din\u00e2mica econ\u00f3mica e social da zona com as exig\u00eancias de prote\u00e7\u00e3o ambiental.<\/p>","protected":false},"excerpt":{"rendered":"<p>Tendo como principal objetivo a requalifica\u00e7\u00e3o da \u00e1rea ocupada por uma unidade industrial de desmantelamento de navios em fim de vida que operava desde 1976 no Cais Novo de Alhos Vedros, este projeto pretendeu melhorar substancialmente as condi\u00e7\u00f5es de trabalho &#8230;<\/p>\n","protected":false},"author":3,"featured_media":2206,"parent":170,"menu_order":6,"comment_status":"open","ping_status":"open","template":"","meta":{"_acf_changed":false,"footnotes":""},"class_list":["post-599","page","type-page","status-publish","has-post-thumbnail","hentry"],"acf":[],"_links":{"self":[{"href":"https:\/\/www.nemus.pt\/pt\/wp-json\/wp\/v2\/pages\/599","targetHints":{"allow":["GET"]}}],"collection":[{"href":"https:\/\/www.nemus.pt\/pt\/wp-json\/wp\/v2\/pages"}],"about":[{"href":"https:\/\/www.nemus.pt\/pt\/wp-json\/wp\/v2\/types\/page"}],"author":[{"embeddable":true,"href":"https:\/\/www.nemus.pt\/pt\/wp-json\/wp\/v2\/users\/3"}],"replies":[{"embeddable":true,"href":"https:\/\/www.nemus.pt\/pt\/wp-json\/wp\/v2\/comments?post=599"}],"version-history":[{"count":0,"href":"https:\/\/www.nemus.pt\/pt\/wp-json\/wp\/v2\/pages\/599\/revisions"}],"up":[{"embeddable":true,"href":"https:\/\/www.nemus.pt\/pt\/wp-json\/wp\/v2\/pages\/170"}],"wp:featuredmedia":[{"embeddable":true,"href":"https:\/\/www.nemus.pt\/pt\/wp-json\/wp\/v2\/media\/2206"}],"wp:attachment":[{"href":"https:\/\/www.nemus.pt\/pt\/wp-json\/wp\/v2\/media?parent=599"}],"curies":[{"name":"wp","href":"https:\/\/api.w.org\/{rel}","templated":true}]}}